{"id":117,"date":"2024-12-11T21:13:52","date_gmt":"2024-12-11T20:13:52","guid":{"rendered":"https:\/\/olney-avocats.fr\/?page_id=117"},"modified":"2025-06-04T13:27:52","modified_gmt":"2025-06-04T11:27:52","slug":"honoraires","status":"publish","type":"page","link":"https:\/\/olney-avocats.fr\/index.php\/honoraires\/","title":{"rendered":"Honoraires"},"content":{"rendered":"\n<div class=\"wp-block-group has-base-2-background-color has-background has-global-padding is-layout-constrained wp-container-core-group-is-layout-a5ca67bc wp-block-group-is-layout-constrained\" style=\"padding-top:var(--wp--preset--spacing--30);padding-right:var(--wp--preset--spacing--10);padding-bottom:var(--wp--preset--spacing--30);padding-left:var(--wp--preset--spacing--10)\">\n<h4 class=\"wp-block-heading has-text-align-center\">Notre cabinet s\u2019engage \u00e0 soumettre \u00e0 chaque client les conditions d\u2019exercice de sa prestation par un document clair et complet : une convention d\u2019honoraires.<\/h4>\n\n\n\n<p><strong>Ce document pr\u00e9cise la mission confi\u00e9e et les prestations propos\u00e9es pour la mener \u00e0 bien, savoir :<\/strong><\/p>\n\n\n\n<ul class=\"wp-block-list\">\n<li>le nom du ou des avocats en charge de superviser le dossier,<\/li>\n\n\n\n<li>les conditions de facturation des honoraires (temps pass\u00e9-r\u00e9sultat-forfait\u2026), sauf impossibilit\u00e9, une estimation du budget \u00e0 pr\u00e9voir et les modalit\u00e9s d\u2019information du client en cas de d\u00e9passement de ce budget,<\/li>\n\n\n\n<li>un calendrier pr\u00e9visionnel de r\u00e9alisation des op\u00e9rations en ce qui concerne les dossiers de conseil.<\/li>\n<\/ul>\n\n\n\n<p>Les modalit\u00e9s de r\u00e9alisation de la prestation sont soumises au client d\u00e8s l\u2019acceptation de la mission par notre cabinet.<\/p>\n\n\n\n<p>Dans l\u2019hypoth\u00e8se particuli\u00e8re o\u00f9 l\u2019\u00e9tablissement des conditions d\u2019exercice de la mission imposerait une \u00e9tude pr\u00e9alable, les modalit\u00e9s de r\u00e9alisation de la prestation devront \u00eatre soumises au client au plus tard dans le d\u00e9lai d\u2019un mois suivant l\u2019acceptation de la mission.<\/p>\n\n\n\n<h4 class=\"wp-block-heading has-text-align-center\">Toutes contestations relatives aux honoraires sont de la comp\u00e9tence exclusive du b\u00e2tonnier de l&rsquo;ordre des avocats de la Seine Saint Denis.<\/h4>\n<\/div>\n","protected":false},"excerpt":{"rendered":"<p>Notre cabinet s\u2019engage \u00e0 soumettre \u00e0 chaque client les conditions d\u2019exercice de sa prestation par un document clair et complet : une convention d\u2019honoraires. Ce document pr\u00e9cise la mission confi\u00e9e et les prestations propos\u00e9es pour la mener \u00e0 bien, savoir : Les modalit\u00e9s de r\u00e9alisation de la prestation sont soumises au client d\u00e8s l\u2019acceptation de [&hellip;]<\/p>\n","protected":false},"author":1,"featured_media":651,"parent":0,"menu_order":0,"comment_status":"closed","ping_status":"closed","template":"","meta":{"_uag_custom_page_level_css":"","footnotes":""},"class_list":["post-117","page","type-page","status-publish","has-post-thumbnail","hentry"],"uagb_featured_image_src":{"full":["https:\/\/olney-avocats.fr\/wp-content\/uploads\/2025\/06\/Honoraire-Olney-Avocats-scaled.jpg",2560,364,false],"thumbnail":["https:\/\/olney-avocats.fr\/wp-content\/uploads\/2025\/06\/Honoraire-Olney-Avocats-150x150.jpg",150,150,true],"medium":["https:\/\/olney-avocats.fr\/wp-content\/uploads\/2025\/06\/Honoraire-Olney-Avocats-300x43.jpg",300,43,true],"medium_large":["https:\/\/olney-avocats.fr\/wp-content\/uploads\/2025\/06\/Honoraire-Olney-Avocats-768x109.jpg",768,109,true],"large":["https:\/\/olney-avocats.fr\/wp-content\/uploads\/2025\/06\/Honoraire-Olney-Avocats-1024x146.jpg",1024,146,true],"1536x1536":["https:\/\/olney-avocats.fr\/wp-content\/uploads\/2025\/06\/Honoraire-Olney-Avocats-1536x219.jpg",1536,219,true],"2048x2048":["https:\/\/olney-avocats.fr\/wp-content\/uploads\/2025\/06\/Honoraire-Olney-Avocats-2048x291.jpg",2048,291,true]},"uagb_author_info":{"display_name":"admin9236","author_link":"https:\/\/olney-avocats.fr\/index.php\/author\/admin9236\/"},"uagb_comment_info":0,"uagb_excerpt":"Notre cabinet s\u2019engage \u00e0 soumettre \u00e0 chaque client les conditions d\u2019exercice de sa prestation par un document clair et complet : une convention d\u2019honoraires. Ce document pr\u00e9cise la mission confi\u00e9e et les prestations propos\u00e9es pour la mener \u00e0 bien, savoir : Les modalit\u00e9s de r\u00e9alisation de la prestation sont soumises au client d\u00e8s l\u2019acceptation de\u2026","_links":{"self":[{"href":"https:\/\/olney-avocats.fr\/index.php\/wp-json\/wp\/v2\/pages\/117","targetHints":{"allow":["GET"]}}],"collection":[{"href":"https:\/\/olney-avocats.fr\/index.php\/wp-json\/wp\/v2\/pages"}],"about":[{"href":"https:\/\/olney-avocats.fr\/index.php\/wp-json\/wp\/v2\/types\/page"}],"author":[{"embeddable":true,"href":"https:\/\/olney-avocats.fr\/index.php\/wp-json\/wp\/v2\/users\/1"}],"replies":[{"embeddable":true,"href":"https:\/\/olney-avocats.fr\/index.php\/wp-json\/wp\/v2\/comments?post=117"}],"version-history":[{"count":4,"href":"https:\/\/olney-avocats.fr\/index.php\/wp-json\/wp\/v2\/pages\/117\/revisions"}],"predecessor-version":[{"id":524,"href":"https:\/\/olney-avocats.fr\/index.php\/wp-json\/wp\/v2\/pages\/117\/revisions\/524"}],"wp:featuredmedia":[{"embeddable":true,"href":"https:\/\/olney-avocats.fr\/index.php\/wp-json\/wp\/v2\/media\/651"}],"wp:attachment":[{"href":"https:\/\/olney-avocats.fr\/index.php\/wp-json\/wp\/v2\/media?parent=117"}],"curies":[{"name":"wp","href":"https:\/\/api.w.org\/{rel}","templated":true}]}}