{"id":125,"date":"2024-12-11T21:50:20","date_gmt":"2024-12-11T20:50:20","guid":{"rendered":"https:\/\/olney-avocats.fr\/?page_id=125"},"modified":"2025-06-05T13:16:48","modified_gmt":"2025-06-05T11:16:48","slug":"famille","status":"publish","type":"page","link":"https:\/\/olney-avocats.fr\/index.php\/famille\/","title":{"rendered":"Famille"},"content":{"rendered":"\n<div class=\"wp-block-group has-global-padding is-layout-constrained wp-container-core-group-is-layout-51afdac9 wp-block-group-is-layout-constrained\" style=\"padding-top:var(--wp--preset--spacing--30);padding-right:var(--wp--preset--spacing--10);padding-bottom:var(--wp--preset--spacing--30);padding-left:var(--wp--preset--spacing--10)\">\n<h3 class=\"wp-block-heading has-text-align-center has-large-font-size\">Droit de la famille et des personnes<\/h3>\n\n\n\n<div class=\"wp-block-uagb-separator uagb-block-91e99b22\"><div class=\"wp-block-uagb-separator__inner\" style=\"--my-background-image:\"><\/div><\/div>\n\n\n\n<div class=\"wp-block-group has-global-padding is-layout-constrained wp-container-core-group-is-layout-3b5c71e9 wp-block-group-is-layout-constrained\" style=\"padding-top:var(--wp--preset--spacing--20);padding-bottom:var(--wp--preset--spacing--20)\">\n<p><strong>Cet aspect du droit est au c\u0153ur du quotidien de chacun et vise \u00e0 r\u00e9gler des situations touchant \u00e0 l\u2019\u00e9tat des personnes ou \u00e0 leur situation matrimoniale.<\/strong><\/p>\n\n\n\n<p>Vous \u00eates mari\u00e9 et souhaitez divorcer, votre conjoint vous a quitt\u00e9, vous entendez mettre en place au plus vite une proc\u00e9dure de divorce afin d\u2019obtenir une pension alimentaire, la garde des enfants, l\u2019attribution du domicile conjugal, la r\u00e9partition des cr\u00e9dits.<\/p>\n\n\n\n<p>Vous \u00eates concubin, pacs\u00e9, envisagez une s\u00e9paration et souhaitez voir fixer par le juge des mesures sur un enfant : fixation de l\u2019autorit\u00e9 parentale, de la r\u00e9sidence de l\u2019enfant, des droits de visite et d\u2019h\u00e9bergement et enfin de la contribution \u00e0 l\u2019entretien et \u00e0 l\u2019\u00e9ducation des enfants.<\/p>\n\n\n\n<p>Vous \u00eates s\u00e9par\u00e9 de votre concubin, partenaire civil, propri\u00e9taire indivis d\u2019un bien immobilier et ce dernier refuse de vendre.<\/p>\n\n\n\n<p>Vous souhaitez adopter l\u2019enfant de votre conjoint que vous avez \u00e9lev\u00e9 depuis son plus jeune \u00e2ge.<\/p>\n\n\n\n<p>Le p\u00e8re de votre enfant, refuse de le reconna\u00eetre, vous pouvez l\u2019y contraindre judiciairement.<\/p>\n\n\n\n<p>Notre cabinet se tient \u00e0 vos c\u00f4t\u00e9s afin de mettre en place toutes les d\u00e9marches judiciaires n\u00e9cessaires en vue de pr\u00e9server vos droits.<\/p>\n<\/div>\n\n\n\n<h3 class=\"wp-block-heading has-text-align-center has-large-font-size\">Succession<\/h3>\n\n\n\n<div class=\"wp-block-uagb-separator uagb-block-f343bddd\"><div class=\"wp-block-uagb-separator__inner\" style=\"--my-background-image:\"><\/div><\/div>\n\n\n\n<div class=\"wp-block-group has-global-padding is-layout-constrained wp-container-core-group-is-layout-3b5c71e9 wp-block-group-is-layout-constrained\" style=\"padding-top:var(--wp--preset--spacing--20);padding-bottom:var(--wp--preset--spacing--20)\">\n<p><strong>Le d\u00e9c\u00e8s d\u2019un proche peut h\u00e9las s\u2019accompagner de nombreuses difficult\u00e9s juridiques.<\/strong><\/p>\n\n\n\n<ul class=\"wp-block-list\">\n<li>Comment savoir s\u2019il existe un testament ?<\/li>\n\n\n\n<li>Que faire en cas de m\u00e9sentente entre h\u00e9ritiers ?<\/li>\n\n\n\n<li>Que deviennent les biens mobiliers et immobiliers, les assurances vie ?<\/li>\n<\/ul>\n\n\n\n<p>En relation avec le Notaire, nous vous assistons dans toutes les d\u00e9marches, nous saisissons le Tribunal Judiciaire comp\u00e9tent.<\/p>\n<\/div>\n<\/div>\n\n\n\n<div class=\"wp-block-group has-global-padding is-layout-constrained wp-container-core-group-is-layout-35be717c wp-block-group-is-layout-constrained\" style=\"padding-top:var(--wp--preset--spacing--30);padding-right:var(--wp--preset--spacing--10);padding-bottom:var(--wp--preset--spacing--30);padding-left:var(--wp--preset--spacing--10)\">\n<div class=\"wp-block-group is-layout-grid wp-container-core-group-is-layout-66cfa871 wp-block-group-is-layout-grid\" style=\"padding-top:var(--wp--preset--spacing--10);padding-right:var(--wp--preset--spacing--10);padding-bottom:var(--wp--preset--spacing--10);padding-left:var(--wp--preset--spacing--10)\">\n<div class=\"wp-block-group has-global-padding is-layout-constrained wp-block-group-is-layout-constrained\">\n<h5 class=\"wp-block-heading has-text-align-center\"><a href=\"https:\/\/olney-avocats.fr\/index.php\/travail\/\" data-type=\"page\" data-id=\"128\">Travail<\/a><\/h5>\n\n\n\n<div class=\"wp-block-uagb-image aligncenter uagb-block-0ae1f0aa wp-block-uagb-image--layout-default wp-block-uagb-image--effect-grayscale wp-block-uagb-image--align-center\"><figure class=\"wp-block-uagb-image__figure\"><a class=\"\" href=\"https:\/\/olney-avocats.fr\/index.php\/travail\/\" target=\"\" rel=\"noopener\"><img decoding=\"async\"  sizes=\"auto, (max-width: 480px) 150px\" src=\"https:\/\/olney-avocats.fr\/wp-content\/uploads\/2024\/12\/picto-travail.png\" alt=\"\" width=\"169\" height=\"130\" title=\"\" loading=\"lazy\" role=\"img\"\/><\/a><\/figure><\/div>\n<\/div>\n\n\n\n<div class=\"wp-block-group has-global-padding is-layout-constrained wp-block-group-is-layout-constrained\">\n<h5 class=\"wp-block-heading has-text-align-center\"><a href=\"https:\/\/olney-avocats.fr\/index.php\/immobilier\/\" data-type=\"page\" data-id=\"131\">Immobilier<\/a><\/h5>\n\n\n\n<div class=\"wp-block-uagb-image uagb-block-fc337021 wp-block-uagb-image--layout-default wp-block-uagb-image--effect-grayscale wp-block-uagb-image--align-none\"><figure class=\"wp-block-uagb-image__figure\"><a class=\"\" href=\"https:\/\/olney-avocats.fr\/index.php\/immobilier\/\" target=\"\" rel=\"noopener\"><img decoding=\"async\"  sizes=\"auto, (max-width: 480px) 150px\" src=\"https:\/\/olney-avocats.fr\/wp-content\/uploads\/2024\/12\/picto-immobilier.png\" alt=\"\" width=\"169\" height=\"130\" title=\"\" loading=\"lazy\" role=\"img\"\/><\/a><\/figure><\/div>\n<\/div>\n\n\n\n<div class=\"wp-block-group has-global-padding is-layout-constrained wp-block-group-is-layout-constrained\">\n<h5 class=\"wp-block-heading has-text-align-center\"><a href=\"https:\/\/olney-avocats.fr\/index.php\/penal\/\" data-type=\"page\" data-id=\"134\">P\u00e9nal<\/a><\/h5>\n\n\n\n<div class=\"wp-block-uagb-image uagb-block-47082e38 wp-block-uagb-image--layout-default wp-block-uagb-image--effect-grayscale wp-block-uagb-image--align-none\"><figure class=\"wp-block-uagb-image__figure\"><a class=\"\" href=\"https:\/\/olney-avocats.fr\/index.php\/penal\/\" target=\"\" rel=\"noopener\"><img decoding=\"async\"  sizes=\"auto, (max-width: 480px) 150px\" src=\"https:\/\/olney-avocats.fr\/wp-content\/uploads\/2024\/12\/picto-penal.png\" alt=\"\" width=\"169\" height=\"130\" title=\"\" loading=\"lazy\" role=\"img\"\/><\/a><\/figure><\/div>\n<\/div>\n\n\n\n<div class=\"wp-block-group has-global-padding is-layout-constrained wp-block-group-is-layout-constrained\">\n<h5 class=\"wp-block-heading has-text-align-center\"><a href=\"https:\/\/olney-avocats.fr\/index.php\/habitation\/\" data-type=\"page\" data-id=\"137\">Habitation<\/a><\/h5>\n\n\n\n<div class=\"wp-block-uagb-image uagb-block-e7020354 wp-block-uagb-image--layout-default wp-block-uagb-image--effect-grayscale wp-block-uagb-image--align-none\"><figure class=\"wp-block-uagb-image__figure\"><a class=\"\" href=\"https:\/\/olney-avocats.fr\/index.php\/habitation\/\" target=\"\" rel=\"noopener\"><img decoding=\"async\"  sizes=\"auto, (max-width: 480px) 150px\" src=\"https:\/\/olney-avocats.fr\/wp-content\/uploads\/2024\/12\/picto-habitation.png\" alt=\"\" width=\"169\" height=\"130\" title=\"\" loading=\"lazy\" role=\"img\"\/><\/a><\/figure><\/div>\n<\/div>\n\n\n\n<div class=\"wp-block-group has-global-padding is-layout-constrained wp-block-group-is-layout-constrained\">\n<h5 class=\"wp-block-heading has-text-align-center\"><a href=\"https:\/\/olney-avocats.fr\/index.php\/assurances\/\" data-type=\"page\" data-id=\"140\">Assurances<\/a><\/h5>\n\n\n\n<div class=\"wp-block-uagb-image uagb-block-e368616e wp-block-uagb-image--layout-default wp-block-uagb-image--effect-grayscale wp-block-uagb-image--align-none\"><figure class=\"wp-block-uagb-image__figure\"><a class=\"\" href=\"https:\/\/olney-avocats.fr\/index.php\/assurances\/\" target=\"\" rel=\"noopener\"><img decoding=\"async\"  sizes=\"auto, (max-width: 480px) 150px\" src=\"https:\/\/olney-avocats.fr\/wp-content\/uploads\/2024\/12\/picto-assurance.png\" alt=\"\" width=\"169\" height=\"130\" title=\"\" loading=\"lazy\" role=\"img\"\/><\/a><\/figure><\/div>\n<\/div>\n\n\n\n<div class=\"wp-block-group has-global-padding is-layout-constrained wp-block-group-is-layout-constrained\">\n<h5 class=\"wp-block-heading has-text-align-center\"><a href=\"https:\/\/olney-avocats.fr\/index.php\/recouvrement-et-defense-a-saisie\/\" data-type=\"page\" data-id=\"143\">Recouvrement<\/a><\/h5>\n\n\n\n<div class=\"wp-block-uagb-image uagb-block-76029c44 wp-block-uagb-image--layout-default wp-block-uagb-image--effect-grayscale wp-block-uagb-image--align-none\"><figure class=\"wp-block-uagb-image__figure\"><a class=\"\" href=\"https:\/\/olney-avocats.fr\/index.php\/recouvrement-et-defense-a-saisie\/\" target=\"\" rel=\"noopener\"><img decoding=\"async\"  sizes=\"auto, (max-width: 480px) 150px\" src=\"https:\/\/olney-avocats.fr\/wp-content\/uploads\/2024\/12\/picto-recouvrement.png\" alt=\"\" width=\"168\" height=\"130\" title=\"\" loading=\"lazy\" role=\"img\"\/><\/a><\/figure><\/div>\n<\/div>\n<\/div>\n<\/div>\n\n\n\n<p><\/p>\n","protected":false},"excerpt":{"rendered":"<p>Droit de la famille et des personnes Cet aspect du droit est au c\u0153ur du quotidien de chacun et vise \u00e0 r\u00e9gler des situations touchant \u00e0 l\u2019\u00e9tat des personnes ou \u00e0 leur situation matrimoniale. Vous \u00eates mari\u00e9 et souhaitez divorcer, votre conjoint vous a quitt\u00e9, vous entendez mettre en place au plus vite une proc\u00e9dure [&hellip;]<\/p>\n","protected":false},"author":1,"featured_media":634,"parent":0,"menu_order":0,"comment_status":"closed","ping_status":"closed","template":"","meta":{"_uag_custom_page_level_css":"","footnotes":""},"class_list":["post-125","page","type-page","status-publish","has-post-thumbnail","hentry"],"uagb_featured_image_src":{"full":["https:\/\/olney-avocats.fr\/wp-content\/uploads\/2025\/06\/Famille-Olney-Avocats-scaled.jpg",2560,364,false],"thumbnail":["https:\/\/olney-avocats.fr\/wp-content\/uploads\/2025\/06\/Famille-Olney-Avocats-150x150.jpg",150,150,true],"medium":["https:\/\/olney-avocats.fr\/wp-content\/uploads\/2025\/06\/Famille-Olney-Avocats-300x43.jpg",300,43,true],"medium_large":["https:\/\/olney-avocats.fr\/wp-content\/uploads\/2025\/06\/Famille-Olney-Avocats-768x109.jpg",768,109,true],"large":["https:\/\/olney-avocats.fr\/wp-content\/uploads\/2025\/06\/Famille-Olney-Avocats-1024x146.jpg",1024,146,true],"1536x1536":["https:\/\/olney-avocats.fr\/wp-content\/uploads\/2025\/06\/Famille-Olney-Avocats-1536x219.jpg",1536,219,true],"2048x2048":["https:\/\/olney-avocats.fr\/wp-content\/uploads\/2025\/06\/Famille-Olney-Avocats-2048x291.jpg",2048,291,true]},"uagb_author_info":{"display_name":"admin9236","author_link":"https:\/\/olney-avocats.fr\/index.php\/author\/admin9236\/"},"uagb_comment_info":0,"uagb_excerpt":"Droit de la famille et des personnes Cet aspect du droit est au c\u0153ur du quotidien de chacun et vise \u00e0 r\u00e9gler des situations touchant \u00e0 l\u2019\u00e9tat des personnes ou \u00e0 leur situation matrimoniale. Vous \u00eates mari\u00e9 et souhaitez divorcer, votre conjoint vous a quitt\u00e9, vous entendez mettre en place au plus vite une proc\u00e9dure\u2026","_links":{"self":[{"href":"https:\/\/olney-avocats.fr\/index.php\/wp-json\/wp\/v2\/pages\/125","targetHints":{"allow":["GET"]}}],"collection":[{"href":"https:\/\/olney-avocats.fr\/index.php\/wp-json\/wp\/v2\/pages"}],"about":[{"href":"https:\/\/olney-avocats.fr\/index.php\/wp-json\/wp\/v2\/types\/page"}],"author":[{"embeddable":true,"href":"https:\/\/olney-avocats.fr\/index.php\/wp-json\/wp\/v2\/users\/1"}],"replies":[{"embeddable":true,"href":"https:\/\/olney-avocats.fr\/index.php\/wp-json\/wp\/v2\/comments?post=125"}],"version-history":[{"count":11,"href":"https:\/\/olney-avocats.fr\/index.php\/wp-json\/wp\/v2\/pages\/125\/revisions"}],"predecessor-version":[{"id":676,"href":"https:\/\/olney-avocats.fr\/index.php\/wp-json\/wp\/v2\/pages\/125\/revisions\/676"}],"wp:featuredmedia":[{"embeddable":true,"href":"https:\/\/olney-avocats.fr\/index.php\/wp-json\/wp\/v2\/media\/634"}],"wp:attachment":[{"href":"https:\/\/olney-avocats.fr\/index.php\/wp-json\/wp\/v2\/media?parent=125"}],"curies":[{"name":"wp","href":"https:\/\/api.w.org\/{rel}","templated":true}]}}