{"id":128,"date":"2024-12-11T21:54:24","date_gmt":"2024-12-11T20:54:24","guid":{"rendered":"https:\/\/olney-avocats.fr\/?page_id=128"},"modified":"2025-06-05T13:17:15","modified_gmt":"2025-06-05T11:17:15","slug":"travail","status":"publish","type":"page","link":"https:\/\/olney-avocats.fr\/index.php\/travail\/","title":{"rendered":"Travail"},"content":{"rendered":"\n<div class=\"wp-block-group has-global-padding is-layout-constrained wp-container-core-group-is-layout-51afdac9 wp-block-group-is-layout-constrained\" style=\"padding-top:var(--wp--preset--spacing--30);padding-right:var(--wp--preset--spacing--10);padding-bottom:var(--wp--preset--spacing--30);padding-left:var(--wp--preset--spacing--10)\">\n<div class=\"wp-block-group has-global-padding is-layout-constrained wp-container-core-group-is-layout-4df89a16 wp-block-group-is-layout-constrained\" style=\"padding-top:0;padding-bottom:0\">\n<p>Vous \u00eates salari\u00e9, vous souhaitez \u00eatre conseill\u00e9 au cours de l&rsquo;ex\u00e9cution de votre contrat de travail afin d&rsquo;obtenir le paiement de vos salaires, indemnit\u00e9s ou primes conventionnelles, de vos heures suppl\u00e9mentaires.<\/p>\n\n\n\n<p>Vous \u00eates victime de harc\u00e8lement (moral ou sexuel), de travail dissimul\u00e9, de discrimination.<\/p>\n\n\n\n<p>Vous venez de recevoir un avertissement ou une mise \u00e0 pied.<\/p>\n\n\n\n<p>Vous souhaitez mettre en place une rupture conventionnelle avec votre employeur et n\u00e9gocier votre d\u00e9part.<\/p>\n\n\n\n<p>Vous venez d\u2019\u00eatre licenci\u00e9 pour faute, cause r\u00e9elle et s\u00e9rieuse, motif \u00e9conomique ou inaptitude.<\/p>\n\n\n\n<p>Vous souhaitez prendre acte de la rupture de votre contrat de travail ou voir prononcer la r\u00e9siliation judiciaire de ce dernier aux torts exclusifs de votre employeur.<\/p>\n\n\n\n<p>Vous \u00eates victime d\u2019un accident du travail et souhaitez contester la date de consolidation retenue par l\u2019organisme social ou le taux d\u2019incapacit\u00e9 fix\u00e9.<\/p>\n\n\n\n<p>Notre cabinet vous assiste devant le Conseil de Prud\u2019hommes et la Cour d\u2019Appel, ainsi que devant le P\u00f4le social ou dans le cadre de toute n\u00e9gociation, afin de sauvegarder vos droits.<\/p>\n<\/div>\n<\/div>\n\n\n\n<div class=\"wp-block-group has-global-padding is-layout-constrained wp-container-core-group-is-layout-35be717c wp-block-group-is-layout-constrained\" style=\"padding-top:var(--wp--preset--spacing--30);padding-right:var(--wp--preset--spacing--10);padding-bottom:var(--wp--preset--spacing--30);padding-left:var(--wp--preset--spacing--10)\">\n<div class=\"wp-block-group is-layout-grid wp-container-core-group-is-layout-66cfa871 wp-block-group-is-layout-grid\" style=\"padding-top:var(--wp--preset--spacing--10);padding-right:var(--wp--preset--spacing--10);padding-bottom:var(--wp--preset--spacing--10);padding-left:var(--wp--preset--spacing--10)\">\n<div class=\"wp-block-group wp-container-content-53ec0ab3 has-global-padding is-layout-constrained wp-block-group-is-layout-constrained\">\n<h5 class=\"wp-block-heading has-text-align-center\"><a href=\"https:\/\/olney-avocats.fr\/index.php\/famille\/\" data-type=\"page\" data-id=\"125\">Famille<\/a><\/h5>\n\n\n\n<div class=\"wp-block-uagb-image aligncenter uagb-block-0ae1f0aa wp-block-uagb-image--layout-default wp-block-uagb-image--effect-grayscale wp-block-uagb-image--align-center\"><figure class=\"wp-block-uagb-image__figure\"><a class=\"\" href=\"https:\/\/olney-avocats.fr\/index.php\/famille\/\" target=\"\" rel=\"noopener\"><img decoding=\"async\" srcset=\"https:\/\/olney-avocats.fr\/wp-content\/uploads\/2024\/12\/picto-famille.png ,https:\/\/olney-avocats.fr\/wp-content\/uploads\/2024\/12\/picto-famille.png 780w, https:\/\/olney-avocats.fr\/wp-content\/uploads\/2024\/12\/picto-famille.png 360w\" sizes=\"auto, (max-width: 480px) 150px\" src=\"https:\/\/olney-avocats.fr\/wp-content\/uploads\/2024\/12\/picto-famille.png\" alt=\"\" class=\"uag-image-221\" width=\"169\" height=\"130\" title=\"picto-famille\" loading=\"lazy\" role=\"img\"\/><\/a><\/figure><\/div>\n<\/div>\n\n\n\n<div class=\"wp-block-group has-global-padding is-layout-constrained wp-block-group-is-layout-constrained\">\n<h5 class=\"wp-block-heading has-text-align-center\"><a href=\"https:\/\/olney-avocats.fr\/index.php\/immobilier\/\" data-type=\"page\" data-id=\"131\">Immobilier<\/a><\/h5>\n\n\n\n<div class=\"wp-block-uagb-image uagb-block-fc337021 wp-block-uagb-image--layout-default wp-block-uagb-image--effect-grayscale wp-block-uagb-image--align-none\"><figure class=\"wp-block-uagb-image__figure\"><a class=\"\" href=\"https:\/\/olney-avocats.fr\/index.php\/immobilier\/\" target=\"\" rel=\"noopener\"><img decoding=\"async\"  sizes=\"auto, (max-width: 480px) 150px\" src=\"https:\/\/olney-avocats.fr\/wp-content\/uploads\/2024\/12\/picto-immobilier.png\" alt=\"\" width=\"169\" height=\"130\" title=\"\" loading=\"lazy\" role=\"img\"\/><\/a><\/figure><\/div>\n<\/div>\n\n\n\n<div class=\"wp-block-group has-global-padding is-layout-constrained wp-block-group-is-layout-constrained\">\n<h5 class=\"wp-block-heading has-text-align-center\"><a href=\"https:\/\/olney-avocats.fr\/index.php\/penal\/\" data-type=\"page\" data-id=\"134\">P\u00e9nal<\/a><\/h5>\n\n\n\n<div class=\"wp-block-uagb-image uagb-block-47082e38 wp-block-uagb-image--layout-default wp-block-uagb-image--effect-grayscale wp-block-uagb-image--align-none\"><figure class=\"wp-block-uagb-image__figure\"><a class=\"\" href=\"https:\/\/olney-avocats.fr\/index.php\/penal\/\" target=\"\" rel=\"noopener\"><img decoding=\"async\"  sizes=\"auto, (max-width: 480px) 150px\" src=\"https:\/\/olney-avocats.fr\/wp-content\/uploads\/2024\/12\/picto-penal.png\" alt=\"\" width=\"169\" height=\"130\" title=\"\" loading=\"lazy\" role=\"img\"\/><\/a><\/figure><\/div>\n<\/div>\n\n\n\n<div class=\"wp-block-group has-global-padding is-layout-constrained wp-block-group-is-layout-constrained\">\n<h5 class=\"wp-block-heading has-text-align-center\"><a href=\"https:\/\/olney-avocats.fr\/index.php\/habitation\/\" data-type=\"page\" data-id=\"137\">Habitation<\/a><\/h5>\n\n\n\n<div class=\"wp-block-uagb-image uagb-block-e7020354 wp-block-uagb-image--layout-default wp-block-uagb-image--effect-grayscale wp-block-uagb-image--align-none\"><figure class=\"wp-block-uagb-image__figure\"><a class=\"\" href=\"https:\/\/olney-avocats.fr\/index.php\/habitation\/\" target=\"\" rel=\"noopener\"><img decoding=\"async\"  sizes=\"auto, (max-width: 480px) 150px\" src=\"https:\/\/olney-avocats.fr\/wp-content\/uploads\/2024\/12\/picto-habitation.png\" alt=\"\" width=\"169\" height=\"130\" title=\"\" loading=\"lazy\" role=\"img\"\/><\/a><\/figure><\/div>\n<\/div>\n\n\n\n<div class=\"wp-block-group has-global-padding is-layout-constrained wp-block-group-is-layout-constrained\">\n<h5 class=\"wp-block-heading has-text-align-center\"><a href=\"https:\/\/olney-avocats.fr\/index.php\/assurances\/\" data-type=\"page\" data-id=\"140\">Assurances<\/a><\/h5>\n\n\n\n<div class=\"wp-block-uagb-image uagb-block-e368616e wp-block-uagb-image--layout-default wp-block-uagb-image--effect-grayscale wp-block-uagb-image--align-none\"><figure class=\"wp-block-uagb-image__figure\"><a class=\"\" href=\"https:\/\/olney-avocats.fr\/index.php\/assurances\/\" target=\"\" rel=\"noopener\"><img decoding=\"async\"  sizes=\"auto, (max-width: 480px) 150px\" src=\"https:\/\/olney-avocats.fr\/wp-content\/uploads\/2024\/12\/picto-assurance.png\" alt=\"\" width=\"169\" height=\"130\" title=\"\" loading=\"lazy\" role=\"img\"\/><\/a><\/figure><\/div>\n<\/div>\n\n\n\n<div class=\"wp-block-group has-global-padding is-layout-constrained wp-block-group-is-layout-constrained\">\n<h5 class=\"wp-block-heading has-text-align-center\"><a href=\"https:\/\/olney-avocats.fr\/index.php\/recouvrement-et-defense-a-saisie\/\" data-type=\"page\" data-id=\"143\">Recouvrement<\/a><\/h5>\n\n\n\n<div class=\"wp-block-uagb-image uagb-block-76029c44 wp-block-uagb-image--layout-default wp-block-uagb-image--effect-grayscale wp-block-uagb-image--align-none\"><figure class=\"wp-block-uagb-image__figure\"><a class=\"\" href=\"https:\/\/olney-avocats.fr\/index.php\/recouvrement-et-defense-a-saisie\/\" target=\"\" rel=\"noopener\"><img decoding=\"async\"  sizes=\"auto, (max-width: 480px) 150px\" src=\"https:\/\/olney-avocats.fr\/wp-content\/uploads\/2024\/12\/picto-recouvrement.png\" alt=\"\" width=\"168\" height=\"130\" title=\"\" loading=\"lazy\" role=\"img\"\/><\/a><\/figure><\/div>\n<\/div>\n<\/div>\n<\/div>\n","protected":false},"excerpt":{"rendered":"<p>Vous \u00eates salari\u00e9, vous souhaitez \u00eatre conseill\u00e9 au cours de l&rsquo;ex\u00e9cution de votre contrat de travail afin d&rsquo;obtenir le paiement de vos salaires, indemnit\u00e9s ou primes conventionnelles, de vos heures suppl\u00e9mentaires. Vous \u00eates victime de harc\u00e8lement (moral ou sexuel), de travail dissimul\u00e9, de discrimination. Vous venez de recevoir un avertissement ou une mise \u00e0 pied. [&hellip;]<\/p>\n","protected":false},"author":1,"featured_media":646,"parent":0,"menu_order":0,"comment_status":"closed","ping_status":"closed","template":"","meta":{"_uag_custom_page_level_css":"","footnotes":""},"class_list":["post-128","page","type-page","status-publish","has-post-thumbnail","hentry"],"uagb_featured_image_src":{"full":["https:\/\/olney-avocats.fr\/wp-content\/uploads\/2025\/06\/Travail-Olney-Avocats-scaled.jpg",2560,364,false],"thumbnail":["https:\/\/olney-avocats.fr\/wp-content\/uploads\/2025\/06\/Travail-Olney-Avocats-150x150.jpg",150,150,true],"medium":["https:\/\/olney-avocats.fr\/wp-content\/uploads\/2025\/06\/Travail-Olney-Avocats-300x43.jpg",300,43,true],"medium_large":["https:\/\/olney-avocats.fr\/wp-content\/uploads\/2025\/06\/Travail-Olney-Avocats-768x109.jpg",768,109,true],"large":["https:\/\/olney-avocats.fr\/wp-content\/uploads\/2025\/06\/Travail-Olney-Avocats-1024x146.jpg",1024,146,true],"1536x1536":["https:\/\/olney-avocats.fr\/wp-content\/uploads\/2025\/06\/Travail-Olney-Avocats-1536x219.jpg",1536,219,true],"2048x2048":["https:\/\/olney-avocats.fr\/wp-content\/uploads\/2025\/06\/Travail-Olney-Avocats-2048x291.jpg",2048,291,true]},"uagb_author_info":{"display_name":"admin9236","author_link":"https:\/\/olney-avocats.fr\/index.php\/author\/admin9236\/"},"uagb_comment_info":0,"uagb_excerpt":"Vous \u00eates salari\u00e9, vous souhaitez \u00eatre conseill\u00e9 au cours de l&rsquo;ex\u00e9cution de votre contrat de travail afin d&rsquo;obtenir le paiement de vos salaires, indemnit\u00e9s ou primes conventionnelles, de vos heures suppl\u00e9mentaires. Vous \u00eates victime de harc\u00e8lement (moral ou sexuel), de travail dissimul\u00e9, de discrimination. Vous venez de recevoir un avertissement ou une mise \u00e0 pied.\u2026","_links":{"self":[{"href":"https:\/\/olney-avocats.fr\/index.php\/wp-json\/wp\/v2\/pages\/128","targetHints":{"allow":["GET"]}}],"collection":[{"href":"https:\/\/olney-avocats.fr\/index.php\/wp-json\/wp\/v2\/pages"}],"about":[{"href":"https:\/\/olney-avocats.fr\/index.php\/wp-json\/wp\/v2\/types\/page"}],"author":[{"embeddable":true,"href":"https:\/\/olney-avocats.fr\/index.php\/wp-json\/wp\/v2\/users\/1"}],"replies":[{"embeddable":true,"href":"https:\/\/olney-avocats.fr\/index.php\/wp-json\/wp\/v2\/comments?post=128"}],"version-history":[{"count":9,"href":"https:\/\/olney-avocats.fr\/index.php\/wp-json\/wp\/v2\/pages\/128\/revisions"}],"predecessor-version":[{"id":677,"href":"https:\/\/olney-avocats.fr\/index.php\/wp-json\/wp\/v2\/pages\/128\/revisions\/677"}],"wp:featuredmedia":[{"embeddable":true,"href":"https:\/\/olney-avocats.fr\/index.php\/wp-json\/wp\/v2\/media\/646"}],"wp:attachment":[{"href":"https:\/\/olney-avocats.fr\/index.php\/wp-json\/wp\/v2\/media?parent=128"}],"curies":[{"name":"wp","href":"https:\/\/api.w.org\/{rel}","templated":true}]}}