{"id":131,"date":"2024-12-11T22:04:15","date_gmt":"2024-12-11T21:04:15","guid":{"rendered":"https:\/\/olney-avocats.fr\/?page_id=131"},"modified":"2025-06-05T13:17:36","modified_gmt":"2025-06-05T11:17:36","slug":"immobilier","status":"publish","type":"page","link":"https:\/\/olney-avocats.fr\/index.php\/immobilier\/","title":{"rendered":"Immobilier"},"content":{"rendered":"\n<div class=\"wp-block-group has-global-padding is-layout-constrained wp-container-core-group-is-layout-51afdac9 wp-block-group-is-layout-constrained\" style=\"padding-top:var(--wp--preset--spacing--30);padding-right:var(--wp--preset--spacing--10);padding-bottom:var(--wp--preset--spacing--30);padding-left:var(--wp--preset--spacing--10)\">\n<h3 class=\"wp-block-heading has-text-align-center has-large-font-size\">Droit de la Construction<\/h3>\n\n\n\n<div class=\"wp-block-uagb-separator uagb-block-018ece1e\"><div class=\"wp-block-uagb-separator__inner\" style=\"--my-background-image:\"><\/div><\/div>\n\n\n\n<div class=\"wp-block-group has-global-padding is-layout-constrained wp-container-core-group-is-layout-3b5c71e9 wp-block-group-is-layout-constrained\" style=\"padding-top:var(--wp--preset--spacing--20);padding-bottom:var(--wp--preset--spacing--20)\">\n<p class=\"has-text-align-left\"><strong>Faire construire sa maison ou acheter un appartement sur plan, agrandir, r\u00e9nover, autant de situations qui peuvent \u00eatre juridiquement complexes.<\/strong><\/p>\n\n\n\n<p class=\"has-text-align-left\">Avant de signer, il est souvent prudent de faire v\u00e9rifier le contrat par un Avocat.<\/p>\n\n\n\n<p class=\"has-text-align-left\">Et, il peut arriver que l\u2019on constate des malfa\u00e7ons ou que l\u2019entreprise abandonne le chantier.<\/p>\n\n\n\n<p class=\"has-text-align-left\">Nous saurons \u00eatre \u00e0 vos c\u00f4t\u00e9s \u00e0 toutes les \u00e9tapes de votre projet, y compris pour faire nommer un expert par le Tribunal.<\/p>\n<\/div>\n\n\n\n<h3 class=\"wp-block-heading has-text-align-center has-large-font-size\">Copropri\u00e9t\u00e9<\/h3>\n\n\n\n<div class=\"wp-block-uagb-separator uagb-block-87e3a085\"><div class=\"wp-block-uagb-separator__inner\" style=\"--my-background-image:\"><\/div><\/div>\n\n\n\n<div class=\"wp-block-group has-global-padding is-layout-constrained wp-container-core-group-is-layout-3b5c71e9 wp-block-group-is-layout-constrained\" style=\"padding-top:var(--wp--preset--spacing--20);padding-bottom:var(--wp--preset--spacing--20)\">\n<p class=\"has-text-align-left\"><strong>L\u2019aide d\u2019un Avocat est pr\u00e9cieuse pour s\u2019y retrouver parmi les r\u00e8gles qui gouvernent les copropri\u00e9t\u00e9s<\/strong>, qu\u2019elles soient petites (2 et 3 copropri\u00e9taires sur le m\u00eame terrain) ou plus importantes (des immeubles collectifs de logement).<\/p>\n\n\n\n<p class=\"has-text-align-left\">C\u00f4t\u00e9 copropri\u00e9taire ou c\u00f4t\u00e9 syndic, nous saurons vous aider \u00e0 comprendre un relev\u00e9 de charges, \u00e0 pr\u00e9parer une assembl\u00e9e g\u00e9n\u00e9rale ou \u00e0 recouvrer des charges impay\u00e9es.<\/p>\n<\/div>\n\n\n\n<h3 class=\"wp-block-heading has-text-align-center has-large-font-size\">Mitoyennet\u00e9 \u2013 Voisinage<\/h3>\n\n\n\n<div class=\"wp-block-uagb-separator uagb-block-c9be6e3b\"><div class=\"wp-block-uagb-separator__inner\" style=\"--my-background-image:\"><\/div><\/div>\n\n\n\n<div class=\"wp-block-group has-global-padding is-layout-constrained wp-container-core-group-is-layout-3b5c71e9 wp-block-group-is-layout-constrained\" style=\"padding-top:var(--wp--preset--spacing--20);padding-bottom:var(--wp--preset--spacing--20)\">\n<p class=\"has-text-align-left\"><strong>De mauvaises relations de voisinage peuvent g\u00e2cher la vie quotidienne.<\/strong><\/p>\n\n\n\n<p class=\"has-text-align-left\">Un arbre dont les feuilles bouchent les goutti\u00e8res, un mur mitoyen qui s\u2019effondre ou un voisin qui ouvre une fen\u00eatre sans autorisation.<\/p>\n\n\n\n<p class=\"has-text-align-left\">Dans toutes ces hypoth\u00e8ses, il faut agir vite et \u00e9nergiquement.<\/p>\n<\/div>\n\n\n\n<h3 class=\"wp-block-heading has-text-align-center has-large-font-size\">Expropriation &#8211; Pr\u00e9emption<\/h3>\n\n\n\n<div class=\"wp-block-uagb-separator uagb-block-b2d6d63d\"><div class=\"wp-block-uagb-separator__inner\" style=\"--my-background-image:\"><\/div><\/div>\n\n\n\n<div class=\"wp-block-group has-global-padding is-layout-constrained wp-container-core-group-is-layout-3b5c71e9 wp-block-group-is-layout-constrained\" style=\"padding-top:var(--wp--preset--spacing--20);padding-bottom:var(--wp--preset--spacing--20)\">\n<p class=\"has-text-align-left\"><strong>L\u2019expropriation est une proc\u00e9dure \u00e0 laquelle un propri\u00e9taire est de plus en plus souvent confront\u00e9.<\/strong><\/p>\n\n\n\n<p class=\"has-text-align-left\">Pour faire passer le tramway, le m\u00e9tro ou une nouvelle ligne de train, pour r\u00e9aliser la construction d\u2019une \u00e9cole, agrandir un rond-point ou faire passer une route etc\u2026 une collectivit\u00e9, un \u00e9tablissement public peut avoir besoin de mettre en \u0153uvre une proc\u00e9dure d\u2019expropriation.<\/p>\n\n\n\n<p class=\"has-text-align-left\">La constitution et la loi garantissent une indemnisation \u00e9quitable, juste et pr\u00e9alable.<\/p>\n\n\n\n<p class=\"has-text-align-left\">Notre Cabinet est \u00e0 vos c\u00f4t\u00e9s si vous \u00eatre confront\u00e9 \u00e0 de telles situations.<\/p>\n<\/div>\n<\/div>\n\n\n\n<div class=\"wp-block-group has-global-padding is-layout-constrained wp-container-core-group-is-layout-35be717c wp-block-group-is-layout-constrained\" style=\"padding-top:var(--wp--preset--spacing--30);padding-right:var(--wp--preset--spacing--10);padding-bottom:var(--wp--preset--spacing--30);padding-left:var(--wp--preset--spacing--10)\">\n<div class=\"wp-block-group is-layout-grid wp-container-core-group-is-layout-66cfa871 wp-block-group-is-layout-grid\" style=\"padding-top:var(--wp--preset--spacing--10);padding-right:var(--wp--preset--spacing--10);padding-bottom:var(--wp--preset--spacing--10);padding-left:var(--wp--preset--spacing--10)\">\n<div class=\"wp-block-group wp-container-content-53ec0ab3 has-global-padding is-layout-constrained wp-block-group-is-layout-constrained\">\n<h5 class=\"wp-block-heading has-text-align-center\"><a href=\"https:\/\/olney-avocats.fr\/index.php\/famille\/\" data-type=\"page\" data-id=\"125\">Famille<\/a><\/h5>\n\n\n\n<div class=\"wp-block-uagb-image aligncenter uagb-block-0ae1f0aa wp-block-uagb-image--layout-default wp-block-uagb-image--effect-grayscale wp-block-uagb-image--align-center\"><figure class=\"wp-block-uagb-image__figure\"><a class=\"\" href=\"https:\/\/olney-avocats.fr\/index.php\/famille\/\" target=\"\" rel=\"noopener\"><img decoding=\"async\" srcset=\"https:\/\/olney-avocats.fr\/wp-content\/uploads\/2024\/12\/picto-famille.png ,https:\/\/olney-avocats.fr\/wp-content\/uploads\/2024\/12\/picto-famille.png 780w, https:\/\/olney-avocats.fr\/wp-content\/uploads\/2024\/12\/picto-famille.png 360w\" sizes=\"auto, (max-width: 480px) 150px\" src=\"https:\/\/olney-avocats.fr\/wp-content\/uploads\/2024\/12\/picto-famille.png\" alt=\"\" class=\"uag-image-221\" width=\"169\" height=\"130\" title=\"picto-famille\" loading=\"lazy\" role=\"img\"\/><\/a><\/figure><\/div>\n<\/div>\n\n\n\n<div class=\"wp-block-group has-global-padding is-layout-constrained wp-block-group-is-layout-constrained\">\n<h5 class=\"wp-block-heading has-text-align-center\"><a href=\"https:\/\/olney-avocats.fr\/index.php\/travail\/\" data-type=\"page\" data-id=\"128\">Travail<\/a><\/h5>\n\n\n\n<div class=\"wp-block-uagb-image uagb-block-fc337021 wp-block-uagb-image--layout-default wp-block-uagb-image--effect-grayscale wp-block-uagb-image--align-none\"><figure class=\"wp-block-uagb-image__figure\"><a class=\"\" href=\"https:\/\/olney-avocats.fr\/index.php\/travail\/\" target=\"\" rel=\"noopener\"><img decoding=\"async\" srcset=\"https:\/\/olney-avocats.fr\/wp-content\/uploads\/2024\/12\/picto-travail.png ,https:\/\/olney-avocats.fr\/wp-content\/uploads\/2024\/12\/picto-travail.png 780w, https:\/\/olney-avocats.fr\/wp-content\/uploads\/2024\/12\/picto-travail.png 360w\" sizes=\"auto, (max-width: 480px) 150px\" src=\"https:\/\/olney-avocats.fr\/wp-content\/uploads\/2024\/12\/picto-travail.png\" alt=\"\" class=\"uag-image-148\" width=\"169\" height=\"130\" title=\"picto-travail\" loading=\"lazy\" role=\"img\"\/><\/a><\/figure><\/div>\n<\/div>\n\n\n\n<div class=\"wp-block-group has-global-padding is-layout-constrained wp-block-group-is-layout-constrained\">\n<h5 class=\"wp-block-heading has-text-align-center\"><a href=\"https:\/\/olney-avocats.fr\/index.php\/penal\/\" data-type=\"page\" data-id=\"134\">P\u00e9nal<\/a><\/h5>\n\n\n\n<div class=\"wp-block-uagb-image uagb-block-47082e38 wp-block-uagb-image--layout-default wp-block-uagb-image--effect-grayscale wp-block-uagb-image--align-none\"><figure class=\"wp-block-uagb-image__figure\"><a class=\"\" href=\"https:\/\/olney-avocats.fr\/index.php\/penal\/\" target=\"\" rel=\"noopener\"><img decoding=\"async\"  sizes=\"auto, (max-width: 480px) 150px\" src=\"https:\/\/olney-avocats.fr\/wp-content\/uploads\/2024\/12\/picto-penal.png\" alt=\"\" width=\"169\" height=\"130\" title=\"\" loading=\"lazy\" role=\"img\"\/><\/a><\/figure><\/div>\n<\/div>\n\n\n\n<div class=\"wp-block-group has-global-padding is-layout-constrained wp-block-group-is-layout-constrained\">\n<h5 class=\"wp-block-heading has-text-align-center\"><a href=\"https:\/\/olney-avocats.fr\/index.php\/habitation\/\" data-type=\"page\" data-id=\"137\">Habitation<\/a><\/h5>\n\n\n\n<div class=\"wp-block-uagb-image uagb-block-e7020354 wp-block-uagb-image--layout-default wp-block-uagb-image--effect-grayscale wp-block-uagb-image--align-none\"><figure class=\"wp-block-uagb-image__figure\"><a class=\"\" href=\"https:\/\/olney-avocats.fr\/index.php\/habitation\/\" target=\"\" rel=\"noopener\"><img decoding=\"async\"  sizes=\"auto, (max-width: 480px) 150px\" src=\"https:\/\/olney-avocats.fr\/wp-content\/uploads\/2024\/12\/picto-habitation.png\" alt=\"\" width=\"169\" height=\"130\" title=\"\" loading=\"lazy\" role=\"img\"\/><\/a><\/figure><\/div>\n<\/div>\n\n\n\n<div class=\"wp-block-group has-global-padding is-layout-constrained wp-block-group-is-layout-constrained\">\n<h5 class=\"wp-block-heading has-text-align-center\"><a href=\"https:\/\/olney-avocats.fr\/index.php\/assurances\/\" data-type=\"page\" data-id=\"140\">Assurances<\/a><\/h5>\n\n\n\n<div class=\"wp-block-uagb-image uagb-block-e368616e wp-block-uagb-image--layout-default wp-block-uagb-image--effect-grayscale wp-block-uagb-image--align-none\"><figure class=\"wp-block-uagb-image__figure\"><a class=\"\" href=\"https:\/\/olney-avocats.fr\/index.php\/assurances\/\" target=\"\" rel=\"noopener\"><img decoding=\"async\"  sizes=\"auto, (max-width: 480px) 150px\" src=\"https:\/\/olney-avocats.fr\/wp-content\/uploads\/2024\/12\/picto-assurance.png\" alt=\"\" width=\"169\" height=\"130\" title=\"\" loading=\"lazy\" role=\"img\"\/><\/a><\/figure><\/div>\n<\/div>\n\n\n\n<div class=\"wp-block-group has-global-padding is-layout-constrained wp-block-group-is-layout-constrained\">\n<h5 class=\"wp-block-heading has-text-align-center\"><a href=\"https:\/\/olney-avocats.fr\/index.php\/recouvrement-et-defense-a-saisie\/\" data-type=\"page\" data-id=\"143\">Recouvrement<\/a><\/h5>\n\n\n\n<div class=\"wp-block-uagb-image uagb-block-76029c44 wp-block-uagb-image--layout-default wp-block-uagb-image--effect-grayscale wp-block-uagb-image--align-none\"><figure class=\"wp-block-uagb-image__figure\"><a class=\"\" href=\"https:\/\/olney-avocats.fr\/index.php\/recouvrement-et-defense-a-saisie\/\" target=\"\" rel=\"noopener\"><img decoding=\"async\"  sizes=\"auto, (max-width: 480px) 150px\" src=\"https:\/\/olney-avocats.fr\/wp-content\/uploads\/2024\/12\/picto-recouvrement.png\" alt=\"\" width=\"168\" height=\"130\" title=\"\" loading=\"lazy\" role=\"img\"\/><\/a><\/figure><\/div>\n<\/div>\n<\/div>\n<\/div>\n","protected":false},"excerpt":{"rendered":"<p>Droit de la Construction Faire construire sa maison ou acheter un appartement sur plan, agrandir, r\u00e9nover, autant de situations qui peuvent \u00eatre juridiquement complexes. Avant de signer, il est souvent prudent de faire v\u00e9rifier le contrat par un Avocat. Et, il peut arriver que l\u2019on constate des malfa\u00e7ons ou que l\u2019entreprise abandonne le chantier. Nous [&hellip;]<\/p>\n","protected":false},"author":1,"featured_media":639,"parent":0,"menu_order":0,"comment_status":"closed","ping_status":"closed","template":"","meta":{"_uag_custom_page_level_css":"","footnotes":""},"class_list":["post-131","page","type-page","status-publish","has-post-thumbnail","hentry"],"uagb_featured_image_src":{"full":["https:\/\/olney-avocats.fr\/wp-content\/uploads\/2025\/06\/Immobilier-Olney-Avocats-scaled.jpg",2560,364,false],"thumbnail":["https:\/\/olney-avocats.fr\/wp-content\/uploads\/2025\/06\/Immobilier-Olney-Avocats-150x150.jpg",150,150,true],"medium":["https:\/\/olney-avocats.fr\/wp-content\/uploads\/2025\/06\/Immobilier-Olney-Avocats-300x43.jpg",300,43,true],"medium_large":["https:\/\/olney-avocats.fr\/wp-content\/uploads\/2025\/06\/Immobilier-Olney-Avocats-768x109.jpg",768,109,true],"large":["https:\/\/olney-avocats.fr\/wp-content\/uploads\/2025\/06\/Immobilier-Olney-Avocats-1024x146.jpg",1024,146,true],"1536x1536":["https:\/\/olney-avocats.fr\/wp-content\/uploads\/2025\/06\/Immobilier-Olney-Avocats-1536x219.jpg",1536,219,true],"2048x2048":["https:\/\/olney-avocats.fr\/wp-content\/uploads\/2025\/06\/Immobilier-Olney-Avocats-2048x291.jpg",2048,291,true]},"uagb_author_info":{"display_name":"admin9236","author_link":"https:\/\/olney-avocats.fr\/index.php\/author\/admin9236\/"},"uagb_comment_info":0,"uagb_excerpt":"Droit de la Construction Faire construire sa maison ou acheter un appartement sur plan, agrandir, r\u00e9nover, autant de situations qui peuvent \u00eatre juridiquement complexes. Avant de signer, il est souvent prudent de faire v\u00e9rifier le contrat par un Avocat. Et, il peut arriver que l\u2019on constate des malfa\u00e7ons ou que l\u2019entreprise abandonne le chantier. Nous\u2026","_links":{"self":[{"href":"https:\/\/olney-avocats.fr\/index.php\/wp-json\/wp\/v2\/pages\/131","targetHints":{"allow":["GET"]}}],"collection":[{"href":"https:\/\/olney-avocats.fr\/index.php\/wp-json\/wp\/v2\/pages"}],"about":[{"href":"https:\/\/olney-avocats.fr\/index.php\/wp-json\/wp\/v2\/types\/page"}],"author":[{"embeddable":true,"href":"https:\/\/olney-avocats.fr\/index.php\/wp-json\/wp\/v2\/users\/1"}],"replies":[{"embeddable":true,"href":"https:\/\/olney-avocats.fr\/index.php\/wp-json\/wp\/v2\/comments?post=131"}],"version-history":[{"count":17,"href":"https:\/\/olney-avocats.fr\/index.php\/wp-json\/wp\/v2\/pages\/131\/revisions"}],"predecessor-version":[{"id":678,"href":"https:\/\/olney-avocats.fr\/index.php\/wp-json\/wp\/v2\/pages\/131\/revisions\/678"}],"wp:featuredmedia":[{"embeddable":true,"href":"https:\/\/olney-avocats.fr\/index.php\/wp-json\/wp\/v2\/media\/639"}],"wp:attachment":[{"href":"https:\/\/olney-avocats.fr\/index.php\/wp-json\/wp\/v2\/media?parent=131"}],"curies":[{"name":"wp","href":"https:\/\/api.w.org\/{rel}","templated":true}]}}