{"id":137,"date":"2024-12-11T22:13:45","date_gmt":"2024-12-11T21:13:45","guid":{"rendered":"https:\/\/olney-avocats.fr\/?page_id=137"},"modified":"2025-06-05T13:18:16","modified_gmt":"2025-06-05T11:18:16","slug":"habitation","status":"publish","type":"page","link":"https:\/\/olney-avocats.fr\/index.php\/habitation\/","title":{"rendered":"Habitation"},"content":{"rendered":"\n<div class=\"wp-block-group has-global-padding is-layout-constrained wp-container-core-group-is-layout-51afdac9 wp-block-group-is-layout-constrained\" style=\"padding-top:var(--wp--preset--spacing--30);padding-right:var(--wp--preset--spacing--10);padding-bottom:var(--wp--preset--spacing--30);padding-left:var(--wp--preset--spacing--10)\">\n<h3 class=\"wp-block-heading has-text-align-center has-large-font-size\">Vous \u00eates locataire<\/h3>\n\n\n\n<div class=\"wp-block-uagb-separator uagb-block-fa4e634e\"><div class=\"wp-block-uagb-separator__inner\" style=\"--my-background-image:\"><\/div><\/div>\n\n\n\n<div class=\"wp-block-group has-global-padding is-layout-constrained wp-container-core-group-is-layout-66ac64c2 wp-block-group-is-layout-constrained\" style=\"padding-top:var(--wp--preset--spacing--20);padding-bottom:var(--wp--preset--spacing--20)\">\n<p>Vous \u00eates locataire et avez accumul\u00e9 un arri\u00e9r\u00e9 de loyers, vous \u00eates assign\u00e9 devant le Juge des contentieux de la protection et \u00eates menac\u00e9 d\u2019expulsion.<\/p>\n\n\n\n<p>Vous souhaitez \u00e9viter l\u2019expulsion et obtenir des d\u00e9lais pour le r\u00e8glement de votre dette.<\/p>\n\n\n\n<p>Vous contestez les r\u00e9gularisations de charges effectu\u00e9es par votre bailleur.<\/p>\n\n\n\n<p>Votre logement est insalubre et vous souhaitez contraindre votre bailleur \u00e0 r\u00e9aliser des travaux de remise en \u00e9tat et obtenir une indemnisation du pr\u00e9judice que vous avez subi.<\/p>\n<\/div>\n\n\n\n<h3 class=\"wp-block-heading has-text-align-center has-large-font-size\">Vous \u00eates propri\u00e9taire<\/h3>\n\n\n\n<div class=\"wp-block-uagb-separator uagb-block-78096691\"><div class=\"wp-block-uagb-separator__inner\" style=\"--my-background-image:\"><\/div><\/div>\n\n\n\n<div class=\"wp-block-group has-global-padding is-layout-constrained wp-container-core-group-is-layout-66ac64c2 wp-block-group-is-layout-constrained\" style=\"padding-top:var(--wp--preset--spacing--20);padding-bottom:var(--wp--preset--spacing--20)\">\n<p>Vous \u00eates bailleur particulier, votre locataire ne r\u00e8gle plus son loyer et vous souhaitez mettre en place une proc\u00e9dure d\u2019expulsion et obtenir un jugement de condamnation au titre des impay\u00e9s.<\/p>\n\n\n\n<p>Notre cabinet justifie d\u2019une exp\u00e9rience certaine en la mati\u00e8re afin de vous assister devant le Juge des contentieux de la protection comp\u00e9tent.<\/p>\n<\/div>\n<\/div>\n\n\n\n<div class=\"wp-block-group has-global-padding is-layout-constrained wp-container-core-group-is-layout-35be717c wp-block-group-is-layout-constrained\" style=\"padding-top:var(--wp--preset--spacing--30);padding-right:var(--wp--preset--spacing--10);padding-bottom:var(--wp--preset--spacing--30);padding-left:var(--wp--preset--spacing--10)\">\n<div class=\"wp-block-group is-layout-grid wp-container-core-group-is-layout-66cfa871 wp-block-group-is-layout-grid\" style=\"padding-top:var(--wp--preset--spacing--10);padding-right:var(--wp--preset--spacing--10);padding-bottom:var(--wp--preset--spacing--10);padding-left:var(--wp--preset--spacing--10)\">\n<div class=\"wp-block-group wp-container-content-53ec0ab3 has-global-padding is-layout-constrained wp-block-group-is-layout-constrained\">\n<h5 class=\"wp-block-heading has-text-align-center\"><a href=\"https:\/\/olney-avocats.fr\/index.php\/famille\/\" data-type=\"page\" data-id=\"125\">Famille<\/a><\/h5>\n\n\n\n<div class=\"wp-block-uagb-image aligncenter uagb-block-0ae1f0aa wp-block-uagb-image--layout-default wp-block-uagb-image--effect-grayscale wp-block-uagb-image--align-center\"><figure class=\"wp-block-uagb-image__figure\"><a class=\"\" href=\"https:\/\/olney-avocats.fr\/index.php\/famille\/\" target=\"\" rel=\"noopener\"><img decoding=\"async\" srcset=\"https:\/\/olney-avocats.fr\/wp-content\/uploads\/2024\/12\/picto-famille.png ,https:\/\/olney-avocats.fr\/wp-content\/uploads\/2024\/12\/picto-famille.png 780w, https:\/\/olney-avocats.fr\/wp-content\/uploads\/2024\/12\/picto-famille.png 360w\" sizes=\"auto, (max-width: 480px) 150px\" src=\"https:\/\/olney-avocats.fr\/wp-content\/uploads\/2024\/12\/picto-famille.png\" alt=\"\" class=\"uag-image-221\" width=\"169\" height=\"130\" title=\"picto-famille\" loading=\"lazy\" role=\"img\"\/><\/a><\/figure><\/div>\n<\/div>\n\n\n\n<div class=\"wp-block-group has-global-padding is-layout-constrained wp-block-group-is-layout-constrained\">\n<h5 class=\"wp-block-heading has-text-align-center\"><a href=\"https:\/\/olney-avocats.fr\/index.php\/travail\/\" data-type=\"page\" data-id=\"128\">Travail<\/a><\/h5>\n\n\n\n<div class=\"wp-block-uagb-image uagb-block-fc337021 wp-block-uagb-image--layout-default wp-block-uagb-image--effect-grayscale wp-block-uagb-image--align-none\"><figure class=\"wp-block-uagb-image__figure\"><a class=\"\" href=\"https:\/\/olney-avocats.fr\/index.php\/travail\/\" target=\"\" rel=\"noopener\"><img decoding=\"async\" srcset=\"https:\/\/olney-avocats.fr\/wp-content\/uploads\/2024\/12\/picto-travail.png ,https:\/\/olney-avocats.fr\/wp-content\/uploads\/2024\/12\/picto-travail.png 780w, https:\/\/olney-avocats.fr\/wp-content\/uploads\/2024\/12\/picto-travail.png 360w\" sizes=\"auto, (max-width: 480px) 150px\" src=\"https:\/\/olney-avocats.fr\/wp-content\/uploads\/2024\/12\/picto-travail.png\" alt=\"\" class=\"uag-image-148\" width=\"169\" height=\"130\" title=\"picto-travail\" loading=\"lazy\" role=\"img\"\/><\/a><\/figure><\/div>\n<\/div>\n\n\n\n<div class=\"wp-block-group has-global-padding is-layout-constrained wp-block-group-is-layout-constrained\">\n<h5 class=\"wp-block-heading has-text-align-center\"><a href=\"https:\/\/olney-avocats.fr\/index.php\/immobilier\/\" data-type=\"page\" data-id=\"131\">Immobilier<\/a><\/h5>\n\n\n\n<div class=\"wp-block-uagb-image uagb-block-47082e38 wp-block-uagb-image--layout-default wp-block-uagb-image--effect-grayscale wp-block-uagb-image--align-none\"><figure class=\"wp-block-uagb-image__figure\"><a class=\"\" href=\"https:\/\/olney-avocats.fr\/index.php\/immobilier\/\" target=\"\" rel=\"noopener\"><img decoding=\"async\" srcset=\"https:\/\/olney-avocats.fr\/wp-content\/uploads\/2024\/12\/picto-immobilier.png ,https:\/\/olney-avocats.fr\/wp-content\/uploads\/2024\/12\/picto-immobilier.png 780w, https:\/\/olney-avocats.fr\/wp-content\/uploads\/2024\/12\/picto-immobilier.png 360w\" sizes=\"auto, (max-width: 480px) 150px\" src=\"https:\/\/olney-avocats.fr\/wp-content\/uploads\/2024\/12\/picto-immobilier.png\" alt=\"\" class=\"uag-image-149\" width=\"169\" height=\"130\" title=\"picto-immobilier\" loading=\"lazy\" role=\"img\"\/><\/a><\/figure><\/div>\n<\/div>\n\n\n\n<div class=\"wp-block-group has-global-padding is-layout-constrained wp-block-group-is-layout-constrained\">\n<h5 class=\"wp-block-heading has-text-align-center\"><a href=\"https:\/\/olney-avocats.fr\/index.php\/penal\/\" data-type=\"page\" data-id=\"134\">P\u00e9nal<\/a><\/h5>\n\n\n\n<div class=\"wp-block-uagb-image uagb-block-e7020354 wp-block-uagb-image--layout-default wp-block-uagb-image--effect-grayscale wp-block-uagb-image--align-none\"><figure class=\"wp-block-uagb-image__figure\"><a class=\"\" href=\"https:\/\/olney-avocats.fr\/index.php\/penal\/\" target=\"\" rel=\"noopener\"><img decoding=\"async\" srcset=\"https:\/\/olney-avocats.fr\/wp-content\/uploads\/2024\/12\/picto-penal.png ,https:\/\/olney-avocats.fr\/wp-content\/uploads\/2024\/12\/picto-penal.png 780w, https:\/\/olney-avocats.fr\/wp-content\/uploads\/2024\/12\/picto-penal.png 360w\" sizes=\"auto, (max-width: 480px) 150px\" src=\"https:\/\/olney-avocats.fr\/wp-content\/uploads\/2024\/12\/picto-penal.png\" alt=\"\" class=\"uag-image-150\" width=\"169\" height=\"130\" title=\"picto-penal\" loading=\"lazy\" role=\"img\"\/><\/a><\/figure><\/div>\n<\/div>\n\n\n\n<div class=\"wp-block-group has-global-padding is-layout-constrained wp-block-group-is-layout-constrained\">\n<h5 class=\"wp-block-heading has-text-align-center\"><a href=\"https:\/\/olney-avocats.fr\/index.php\/assurances\/\" data-type=\"page\" data-id=\"140\">Assurances<\/a><\/h5>\n\n\n\n<div class=\"wp-block-uagb-image uagb-block-e368616e wp-block-uagb-image--layout-default wp-block-uagb-image--effect-grayscale wp-block-uagb-image--align-none\"><figure class=\"wp-block-uagb-image__figure\"><a class=\"\" href=\"https:\/\/olney-avocats.fr\/index.php\/assurances\/\" target=\"\" rel=\"noopener\"><img decoding=\"async\"  sizes=\"auto, (max-width: 480px) 150px\" src=\"https:\/\/olney-avocats.fr\/wp-content\/uploads\/2024\/12\/picto-assurance.png\" alt=\"\" width=\"169\" height=\"130\" title=\"\" loading=\"lazy\" role=\"img\"\/><\/a><\/figure><\/div>\n<\/div>\n\n\n\n<div class=\"wp-block-group has-global-padding is-layout-constrained wp-block-group-is-layout-constrained\">\n<h5 class=\"wp-block-heading has-text-align-center\"><a href=\"https:\/\/olney-avocats.fr\/index.php\/recouvrement-et-defense-a-saisie\/\" data-type=\"page\" data-id=\"143\">Recouvrement<\/a><\/h5>\n\n\n\n<div class=\"wp-block-uagb-image uagb-block-76029c44 wp-block-uagb-image--layout-default wp-block-uagb-image--effect-grayscale wp-block-uagb-image--align-none\"><figure class=\"wp-block-uagb-image__figure\"><a class=\"\" href=\"https:\/\/olney-avocats.fr\/index.php\/recouvrement-et-defense-a-saisie\/\" target=\"\" rel=\"noopener\"><img decoding=\"async\"  sizes=\"auto, (max-width: 480px) 150px\" src=\"https:\/\/olney-avocats.fr\/wp-content\/uploads\/2024\/12\/picto-recouvrement.png\" alt=\"\" width=\"168\" height=\"130\" title=\"\" loading=\"lazy\" role=\"img\"\/><\/a><\/figure><\/div>\n<\/div>\n<\/div>\n<\/div>\n","protected":false},"excerpt":{"rendered":"<p>Vous \u00eates locataire Vous \u00eates locataire et avez accumul\u00e9 un arri\u00e9r\u00e9 de loyers, vous \u00eates assign\u00e9 devant le Juge des contentieux de la protection et \u00eates menac\u00e9 d\u2019expulsion. Vous souhaitez \u00e9viter l\u2019expulsion et obtenir des d\u00e9lais pour le r\u00e8glement de votre dette. Vous contestez les r\u00e9gularisations de charges effectu\u00e9es par votre bailleur. Votre logement est [&hellip;]<\/p>\n","protected":false},"author":1,"featured_media":637,"parent":0,"menu_order":0,"comment_status":"closed","ping_status":"closed","template":"","meta":{"_uag_custom_page_level_css":"","footnotes":""},"class_list":["post-137","page","type-page","status-publish","has-post-thumbnail","hentry"],"uagb_featured_image_src":{"full":["https:\/\/olney-avocats.fr\/wp-content\/uploads\/2025\/06\/Habitation-Olney-Avocats-scaled.jpg",2560,364,false],"thumbnail":["https:\/\/olney-avocats.fr\/wp-content\/uploads\/2025\/06\/Habitation-Olney-Avocats-150x150.jpg",150,150,true],"medium":["https:\/\/olney-avocats.fr\/wp-content\/uploads\/2025\/06\/Habitation-Olney-Avocats-300x43.jpg",300,43,true],"medium_large":["https:\/\/olney-avocats.fr\/wp-content\/uploads\/2025\/06\/Habitation-Olney-Avocats-768x109.jpg",768,109,true],"large":["https:\/\/olney-avocats.fr\/wp-content\/uploads\/2025\/06\/Habitation-Olney-Avocats-1024x146.jpg",1024,146,true],"1536x1536":["https:\/\/olney-avocats.fr\/wp-content\/uploads\/2025\/06\/Habitation-Olney-Avocats-1536x219.jpg",1536,219,true],"2048x2048":["https:\/\/olney-avocats.fr\/wp-content\/uploads\/2025\/06\/Habitation-Olney-Avocats-2048x291.jpg",2048,291,true]},"uagb_author_info":{"display_name":"admin9236","author_link":"https:\/\/olney-avocats.fr\/index.php\/author\/admin9236\/"},"uagb_comment_info":0,"uagb_excerpt":"Vous \u00eates locataire Vous \u00eates locataire et avez accumul\u00e9 un arri\u00e9r\u00e9 de loyers, vous \u00eates assign\u00e9 devant le Juge des contentieux de la protection et \u00eates menac\u00e9 d\u2019expulsion. Vous souhaitez \u00e9viter l\u2019expulsion et obtenir des d\u00e9lais pour le r\u00e8glement de votre dette. Vous contestez les r\u00e9gularisations de charges effectu\u00e9es par votre bailleur. Votre logement est\u2026","_links":{"self":[{"href":"https:\/\/olney-avocats.fr\/index.php\/wp-json\/wp\/v2\/pages\/137","targetHints":{"allow":["GET"]}}],"collection":[{"href":"https:\/\/olney-avocats.fr\/index.php\/wp-json\/wp\/v2\/pages"}],"about":[{"href":"https:\/\/olney-avocats.fr\/index.php\/wp-json\/wp\/v2\/types\/page"}],"author":[{"embeddable":true,"href":"https:\/\/olney-avocats.fr\/index.php\/wp-json\/wp\/v2\/users\/1"}],"replies":[{"embeddable":true,"href":"https:\/\/olney-avocats.fr\/index.php\/wp-json\/wp\/v2\/comments?post=137"}],"version-history":[{"count":10,"href":"https:\/\/olney-avocats.fr\/index.php\/wp-json\/wp\/v2\/pages\/137\/revisions"}],"predecessor-version":[{"id":680,"href":"https:\/\/olney-avocats.fr\/index.php\/wp-json\/wp\/v2\/pages\/137\/revisions\/680"}],"wp:featuredmedia":[{"embeddable":true,"href":"https:\/\/olney-avocats.fr\/index.php\/wp-json\/wp\/v2\/media\/637"}],"wp:attachment":[{"href":"https:\/\/olney-avocats.fr\/index.php\/wp-json\/wp\/v2\/media?parent=137"}],"curies":[{"name":"wp","href":"https:\/\/api.w.org\/{rel}","templated":true}]}}