{"id":143,"date":"2024-12-11T22:23:37","date_gmt":"2024-12-11T21:23:37","guid":{"rendered":"https:\/\/olney-avocats.fr\/?page_id=143"},"modified":"2025-06-04T13:50:45","modified_gmt":"2025-06-04T11:50:45","slug":"recouvrement-et-defense-a-saisie","status":"publish","type":"page","link":"https:\/\/olney-avocats.fr\/index.php\/recouvrement-et-defense-a-saisie\/","title":{"rendered":"Recouvrement et d\u00e9fense \u00e0 saisie"},"content":{"rendered":"\n<div class=\"wp-block-group has-global-padding is-layout-constrained wp-container-core-group-is-layout-51afdac9 wp-block-group-is-layout-constrained\" style=\"padding-top:var(--wp--preset--spacing--30);padding-right:var(--wp--preset--spacing--10);padding-bottom:var(--wp--preset--spacing--30);padding-left:var(--wp--preset--spacing--10)\">\n<h3 class=\"wp-block-heading has-text-align-center has-large-font-size\">Vous \u00eates cr\u00e9ancier ?<\/h3>\n\n\n\n<div class=\"wp-block-uagb-separator uagb-block-ddc7d929\"><div class=\"wp-block-uagb-separator__inner\" style=\"--my-background-image:\"><\/div><\/div>\n\n\n\n<div class=\"wp-block-group has-global-padding is-layout-constrained wp-container-core-group-is-layout-3b5c71e9 wp-block-group-is-layout-constrained\" style=\"padding-top:var(--wp--preset--spacing--20);padding-bottom:var(--wp--preset--spacing--20)\">\n<h4 class=\"wp-block-heading has-text-align-center\">Le temps joue contre vous, il faut agir vite.<\/h4>\n\n\n\n<p>Vous poss\u00e9dez un titre ex\u00e9cutoire \u00e0 l\u2019encontre d\u2019un adversaire qui ne vous paye rien.<\/p>\n\n\n\n<p>Notre cabinet vous conseille sur la strat\u00e9gie de recouvrement et de garanties \u00e0 adopter.<\/p>\n\n\n\n<p>Il vous d\u00e9fend en cas de contestations.<\/p>\n\n\n\n<p>Si votre d\u00e9biteur poss\u00e8de un bien immobilier, nous nous chargeons de prendre une inscription hypoth\u00e9caire et sommes de mesure de mettre en place une saisie immobili\u00e8re efficace afin de faire vendre le bien et ainsi obtenir le paiement de ce qui vous est d\u00fb.<\/p>\n<\/div>\n\n\n\n<h3 class=\"wp-block-heading has-text-align-center has-large-font-size\">Vous \u00eates d\u00e9biteur ?<\/h3>\n\n\n\n<div class=\"wp-block-uagb-separator uagb-block-2b9d7b9e\"><div class=\"wp-block-uagb-separator__inner\" style=\"--my-background-image:\"><\/div><\/div>\n\n\n\n<div class=\"wp-block-group has-global-padding is-layout-constrained wp-container-core-group-is-layout-3b5c71e9 wp-block-group-is-layout-constrained\" style=\"padding-top:var(--wp--preset--spacing--20);padding-bottom:var(--wp--preset--spacing--20)\">\n<h4 class=\"wp-block-heading has-text-align-center\">N\u2019attendez pas qu\u2019il soit trop tard !<\/h4>\n\n\n\n<p>Vous rencontrez des difficult\u00e9s financi\u00e8res et vos dettes s\u2019accumulent, principalement le remboursement du pr\u00eat immobilier ou de charges de copropri\u00e9t\u00e9.<\/p>\n\n\n\n<p>Votre cr\u00e9ancier vous d\u00e9livre un commandement de payer valant saisie immobili\u00e8re.<\/p>\n\n\n\n<p>La situation est grave et vous devez d\u00e8s \u00e0 pr\u00e9sent contacter un avocat qui va vous assister dans la d\u00e9fense de vos droits d\u00e8s le d\u00e9but de la proc\u00e9dure.<\/p>\n\n\n\n<p>Vous recevrez ensuite une assignation \u00e0 compara\u00eetre devant le Juge de l&rsquo;ex\u00e9cution afin qu\u2019il soit donn\u00e9 une orientation \u00e0 la proc\u00e9dure de saisie immobili\u00e8re : il est indispensable d\u2019\u00eatre assist\u00e9 par un avocat car vous ne pouvez pas pr\u00e9senter seul d\u2019autre demande que celle d\u2019\u00eatre autoris\u00e9 \u00e0 vendre le bien amiablement.<\/p>\n\n\n\n<p>Notre cabinet vous conseille et vous repr\u00e9sente tout au long de la proc\u00e9dure de saisie immobili\u00e8re dont vous faites l\u2019objet.<\/p>\n<\/div>\n<\/div>\n\n\n\n<div class=\"wp-block-group has-global-padding is-layout-constrained wp-container-core-group-is-layout-35be717c wp-block-group-is-layout-constrained\" style=\"padding-top:var(--wp--preset--spacing--30);padding-right:var(--wp--preset--spacing--10);padding-bottom:var(--wp--preset--spacing--30);padding-left:var(--wp--preset--spacing--10)\">\n<div class=\"wp-block-group is-layout-grid wp-container-core-group-is-layout-66cfa871 wp-block-group-is-layout-grid\" style=\"padding-top:var(--wp--preset--spacing--10);padding-right:var(--wp--preset--spacing--10);padding-bottom:var(--wp--preset--spacing--10);padding-left:var(--wp--preset--spacing--10)\">\n<div class=\"wp-block-group wp-container-content-53ec0ab3 has-global-padding is-layout-constrained wp-block-group-is-layout-constrained\">\n<h5 class=\"wp-block-heading has-text-align-center\"><a href=\"https:\/\/olney-avocats.fr\/index.php\/famille\/\" data-type=\"page\" data-id=\"125\">Famille<\/a><\/h5>\n\n\n\n<div class=\"wp-block-uagb-image aligncenter uagb-block-0ae1f0aa wp-block-uagb-image--layout-default wp-block-uagb-image--effect-grayscale wp-block-uagb-image--align-center\"><figure class=\"wp-block-uagb-image__figure\"><a class=\"\" href=\"https:\/\/olney-avocats.fr\/index.php\/famille\/\" target=\"\" rel=\"noopener\"><img decoding=\"async\" srcset=\"https:\/\/olney-avocats.fr\/wp-content\/uploads\/2024\/12\/picto-famille.png ,https:\/\/olney-avocats.fr\/wp-content\/uploads\/2024\/12\/picto-famille.png 780w, https:\/\/olney-avocats.fr\/wp-content\/uploads\/2024\/12\/picto-famille.png 360w\" sizes=\"auto, (max-width: 480px) 150px\" src=\"https:\/\/olney-avocats.fr\/wp-content\/uploads\/2024\/12\/picto-famille.png\" alt=\"\" class=\"uag-image-221\" width=\"169\" height=\"130\" title=\"picto-famille\" loading=\"lazy\" role=\"img\"\/><\/a><\/figure><\/div>\n<\/div>\n\n\n\n<div class=\"wp-block-group has-global-padding is-layout-constrained wp-block-group-is-layout-constrained\">\n<h5 class=\"wp-block-heading has-text-align-center\"><a href=\"https:\/\/olney-avocats.fr\/index.php\/travail\/\" data-type=\"page\" data-id=\"128\">Travail<\/a><\/h5>\n\n\n\n<div class=\"wp-block-uagb-image uagb-block-fc337021 wp-block-uagb-image--layout-default wp-block-uagb-image--effect-grayscale wp-block-uagb-image--align-none\"><figure class=\"wp-block-uagb-image__figure\"><a class=\"\" href=\"https:\/\/olney-avocats.fr\/index.php\/travail\/\" target=\"\" rel=\"noopener\"><img decoding=\"async\" srcset=\"https:\/\/olney-avocats.fr\/wp-content\/uploads\/2024\/12\/picto-travail.png ,https:\/\/olney-avocats.fr\/wp-content\/uploads\/2024\/12\/picto-travail.png 780w, https:\/\/olney-avocats.fr\/wp-content\/uploads\/2024\/12\/picto-travail.png 360w\" sizes=\"auto, (max-width: 480px) 150px\" src=\"https:\/\/olney-avocats.fr\/wp-content\/uploads\/2024\/12\/picto-travail.png\" alt=\"\" class=\"uag-image-148\" width=\"169\" height=\"130\" title=\"picto-travail\" loading=\"lazy\" role=\"img\"\/><\/a><\/figure><\/div>\n<\/div>\n\n\n\n<div class=\"wp-block-group has-global-padding is-layout-constrained wp-block-group-is-layout-constrained\">\n<h5 class=\"wp-block-heading has-text-align-center\"><a href=\"https:\/\/olney-avocats.fr\/index.php\/immobilier\/\" data-type=\"page\" data-id=\"131\">Immobilier<\/a><\/h5>\n\n\n\n<div class=\"wp-block-uagb-image uagb-block-47082e38 wp-block-uagb-image--layout-default wp-block-uagb-image--effect-grayscale wp-block-uagb-image--align-none\"><figure class=\"wp-block-uagb-image__figure\"><a class=\"\" href=\"https:\/\/olney-avocats.fr\/index.php\/immobilier\/\" target=\"\" rel=\"noopener\"><img decoding=\"async\" srcset=\"https:\/\/olney-avocats.fr\/wp-content\/uploads\/2024\/12\/picto-immobilier.png ,https:\/\/olney-avocats.fr\/wp-content\/uploads\/2024\/12\/picto-immobilier.png 780w, https:\/\/olney-avocats.fr\/wp-content\/uploads\/2024\/12\/picto-immobilier.png 360w\" sizes=\"auto, (max-width: 480px) 150px\" src=\"https:\/\/olney-avocats.fr\/wp-content\/uploads\/2024\/12\/picto-immobilier.png\" alt=\"\" class=\"uag-image-149\" width=\"169\" height=\"130\" title=\"picto-immobilier\" loading=\"lazy\" role=\"img\"\/><\/a><\/figure><\/div>\n<\/div>\n\n\n\n<div class=\"wp-block-group has-global-padding is-layout-constrained wp-block-group-is-layout-constrained\">\n<h5 class=\"wp-block-heading has-text-align-center\"><a href=\"https:\/\/olney-avocats.fr\/index.php\/penal\/\" data-type=\"page\" data-id=\"134\">P\u00e9nal<\/a><\/h5>\n\n\n\n<div class=\"wp-block-uagb-image uagb-block-e7020354 wp-block-uagb-image--layout-default wp-block-uagb-image--effect-grayscale wp-block-uagb-image--align-none\"><figure class=\"wp-block-uagb-image__figure\"><a class=\"\" href=\"https:\/\/olney-avocats.fr\/index.php\/penal\/\" target=\"\" rel=\"noopener\"><img decoding=\"async\" srcset=\"https:\/\/olney-avocats.fr\/wp-content\/uploads\/2024\/12\/picto-penal.png ,https:\/\/olney-avocats.fr\/wp-content\/uploads\/2024\/12\/picto-penal.png 780w, https:\/\/olney-avocats.fr\/wp-content\/uploads\/2024\/12\/picto-penal.png 360w\" sizes=\"auto, (max-width: 480px) 150px\" src=\"https:\/\/olney-avocats.fr\/wp-content\/uploads\/2024\/12\/picto-penal.png\" alt=\"\" class=\"uag-image-150\" width=\"169\" height=\"130\" title=\"picto-penal\" loading=\"lazy\" role=\"img\"\/><\/a><\/figure><\/div>\n<\/div>\n\n\n\n<div class=\"wp-block-group has-global-padding is-layout-constrained wp-block-group-is-layout-constrained\">\n<h5 class=\"wp-block-heading has-text-align-center\"><a href=\"https:\/\/olney-avocats.fr\/index.php\/habitation\/\" data-type=\"page\" data-id=\"137\">Habitation<\/a><\/h5>\n\n\n\n<div class=\"wp-block-uagb-image uagb-block-e368616e wp-block-uagb-image--layout-default wp-block-uagb-image--effect-grayscale wp-block-uagb-image--align-none\"><figure class=\"wp-block-uagb-image__figure\"><a class=\"\" href=\"https:\/\/olney-avocats.fr\/index.php\/habitation\/\" target=\"\" rel=\"noopener\"><img decoding=\"async\" srcset=\"https:\/\/olney-avocats.fr\/wp-content\/uploads\/2024\/12\/picto-habitation.png ,https:\/\/olney-avocats.fr\/wp-content\/uploads\/2024\/12\/picto-habitation.png 780w, https:\/\/olney-avocats.fr\/wp-content\/uploads\/2024\/12\/picto-habitation.png 360w\" sizes=\"auto, (max-width: 480px) 150px\" src=\"https:\/\/olney-avocats.fr\/wp-content\/uploads\/2024\/12\/picto-habitation.png\" alt=\"\" class=\"uag-image-151\" width=\"169\" height=\"130\" title=\"picto-habitation\" loading=\"lazy\" role=\"img\"\/><\/a><\/figure><\/div>\n<\/div>\n\n\n\n<div class=\"wp-block-group has-global-padding is-layout-constrained wp-block-group-is-layout-constrained\">\n<h5 class=\"wp-block-heading has-text-align-center\"><a href=\"https:\/\/olney-avocats.fr\/index.php\/assurances\/\" data-type=\"page\" data-id=\"140\">Assurances<\/a><\/h5>\n\n\n\n<div class=\"wp-block-uagb-image uagb-block-76029c44 wp-block-uagb-image--layout-default wp-block-uagb-image--effect-grayscale wp-block-uagb-image--align-none\"><figure class=\"wp-block-uagb-image__figure\"><a class=\"\" href=\"https:\/\/olney-avocats.fr\/index.php\/assurances\/\" target=\"\" rel=\"noopener\"><img decoding=\"async\" srcset=\"https:\/\/olney-avocats.fr\/wp-content\/uploads\/2024\/12\/picto-assurance.png ,https:\/\/olney-avocats.fr\/wp-content\/uploads\/2024\/12\/picto-assurance.png 780w, https:\/\/olney-avocats.fr\/wp-content\/uploads\/2024\/12\/picto-assurance.png 360w\" sizes=\"auto, (max-width: 480px) 150px\" src=\"https:\/\/olney-avocats.fr\/wp-content\/uploads\/2024\/12\/picto-assurance.png\" alt=\"\" class=\"uag-image-152\" width=\"168\" height=\"130\" title=\"picto-assurance\" loading=\"lazy\" role=\"img\"\/><\/a><\/figure><\/div>\n<\/div>\n<\/div>\n<\/div>\n","protected":false},"excerpt":{"rendered":"<p>Vous \u00eates cr\u00e9ancier ? Le temps joue contre vous, il faut agir vite. Vous poss\u00e9dez un titre ex\u00e9cutoire \u00e0 l\u2019encontre d\u2019un adversaire qui ne vous paye rien. Notre cabinet vous conseille sur la strat\u00e9gie de recouvrement et de garanties \u00e0 adopter. Il vous d\u00e9fend en cas de contestations. Si votre d\u00e9biteur poss\u00e8de un bien immobilier, [&hellip;]<\/p>\n","protected":false},"author":1,"featured_media":644,"parent":0,"menu_order":0,"comment_status":"closed","ping_status":"closed","template":"","meta":{"_uag_custom_page_level_css":"","footnotes":""},"class_list":["post-143","page","type-page","status-publish","has-post-thumbnail","hentry"],"uagb_featured_image_src":{"full":["https:\/\/olney-avocats.fr\/wp-content\/uploads\/2025\/06\/Recouvrement-Defense-Olney-Avocats-scaled.jpg",2560,364,false],"thumbnail":["https:\/\/olney-avocats.fr\/wp-content\/uploads\/2025\/06\/Recouvrement-Defense-Olney-Avocats-150x150.jpg",150,150,true],"medium":["https:\/\/olney-avocats.fr\/wp-content\/uploads\/2025\/06\/Recouvrement-Defense-Olney-Avocats-300x43.jpg",300,43,true],"medium_large":["https:\/\/olney-avocats.fr\/wp-content\/uploads\/2025\/06\/Recouvrement-Defense-Olney-Avocats-768x109.jpg",768,109,true],"large":["https:\/\/olney-avocats.fr\/wp-content\/uploads\/2025\/06\/Recouvrement-Defense-Olney-Avocats-1024x146.jpg",1024,146,true],"1536x1536":["https:\/\/olney-avocats.fr\/wp-content\/uploads\/2025\/06\/Recouvrement-Defense-Olney-Avocats-1536x219.jpg",1536,219,true],"2048x2048":["https:\/\/olney-avocats.fr\/wp-content\/uploads\/2025\/06\/Recouvrement-Defense-Olney-Avocats-2048x291.jpg",2048,291,true]},"uagb_author_info":{"display_name":"admin9236","author_link":"https:\/\/olney-avocats.fr\/index.php\/author\/admin9236\/"},"uagb_comment_info":0,"uagb_excerpt":"Vous \u00eates cr\u00e9ancier ? Le temps joue contre vous, il faut agir vite. Vous poss\u00e9dez un titre ex\u00e9cutoire \u00e0 l\u2019encontre d\u2019un adversaire qui ne vous paye rien. Notre cabinet vous conseille sur la strat\u00e9gie de recouvrement et de garanties \u00e0 adopter. Il vous d\u00e9fend en cas de contestations. Si votre d\u00e9biteur poss\u00e8de un bien immobilier,\u2026","_links":{"self":[{"href":"https:\/\/olney-avocats.fr\/index.php\/wp-json\/wp\/v2\/pages\/143","targetHints":{"allow":["GET"]}}],"collection":[{"href":"https:\/\/olney-avocats.fr\/index.php\/wp-json\/wp\/v2\/pages"}],"about":[{"href":"https:\/\/olney-avocats.fr\/index.php\/wp-json\/wp\/v2\/types\/page"}],"author":[{"embeddable":true,"href":"https:\/\/olney-avocats.fr\/index.php\/wp-json\/wp\/v2\/users\/1"}],"replies":[{"embeddable":true,"href":"https:\/\/olney-avocats.fr\/index.php\/wp-json\/wp\/v2\/comments?post=143"}],"version-history":[{"count":8,"href":"https:\/\/olney-avocats.fr\/index.php\/wp-json\/wp\/v2\/pages\/143\/revisions"}],"predecessor-version":[{"id":571,"href":"https:\/\/olney-avocats.fr\/index.php\/wp-json\/wp\/v2\/pages\/143\/revisions\/571"}],"wp:featuredmedia":[{"embeddable":true,"href":"https:\/\/olney-avocats.fr\/index.php\/wp-json\/wp\/v2\/media\/644"}],"wp:attachment":[{"href":"https:\/\/olney-avocats.fr\/index.php\/wp-json\/wp\/v2\/media?parent=143"}],"curies":[{"name":"wp","href":"https:\/\/api.w.org\/{rel}","templated":true}]}}