{"id":178,"date":"2024-12-12T00:18:22","date_gmt":"2024-12-11T23:18:22","guid":{"rendered":"https:\/\/olney-avocats.fr\/?page_id=178"},"modified":"2025-06-04T13:43:23","modified_gmt":"2025-06-04T11:43:23","slug":"recouvrement","status":"publish","type":"page","link":"https:\/\/olney-avocats.fr\/index.php\/recouvrement\/","title":{"rendered":"Recouvrement"},"content":{"rendered":"\n<div class=\"wp-block-group has-global-padding is-layout-constrained wp-container-core-group-is-layout-51afdac9 wp-block-group-is-layout-constrained\" style=\"padding-top:var(--wp--preset--spacing--30);padding-right:var(--wp--preset--spacing--10);padding-bottom:var(--wp--preset--spacing--30);padding-left:var(--wp--preset--spacing--10)\">\n<h3 class=\"wp-block-heading has-text-align-center\">Recouvrement de cr\u00e9ances<\/h3>\n\n\n\n<div class=\"wp-block-uagb-separator uagb-block-ddc7d929\"><div class=\"wp-block-uagb-separator__inner\" style=\"--my-background-image:\"><\/div><\/div>\n\n\n\n<div class=\"wp-block-group has-global-padding is-layout-constrained wp-container-core-group-is-layout-3b5c71e9 wp-block-group-is-layout-constrained\" style=\"padding-top:var(--wp--preset--spacing--20);padding-bottom:var(--wp--preset--spacing--20)\">\n<h4 class=\"wp-block-heading has-text-align-center\">Vous \u00eates cr\u00e9ancier ? Le temps joue contre vous, il faut agir vite.<\/h4>\n\n\n\n<p>Vous poss\u00e9dez un titre ex\u00e9cutoire \u00e0 l\u2019encontre d\u2019un adversaire qui ne vous paye rien.<\/p>\n\n\n\n<p>Notre cabinet vous conseille sur la strat\u00e9gie de recouvrement et de garanties \u00e0 adopter.<\/p>\n\n\n\n<p>Il vous d\u00e9fend en cas de contestations.<\/p>\n\n\n\n<p>Si votre d\u00e9biteur poss\u00e8de un bien immobilier, nous nous chargeons de prendre une inscription hypoth\u00e9caire et sommes de mesure de mettre en place une saisie immobili\u00e8re efficace afin de faire vendre le bien et ainsi obtenir le paiement de ce qui vous est d\u00fb.<\/p>\n<\/div>\n\n\n\n<h3 class=\"wp-block-heading has-text-align-center\">Banque<\/h3>\n\n\n\n<div class=\"wp-block-uagb-separator uagb-block-089bb8d5\"><div class=\"wp-block-uagb-separator__inner\" style=\"--my-background-image:\"><\/div><\/div>\n\n\n\n<div class=\"wp-block-group has-global-padding is-layout-constrained wp-container-core-group-is-layout-3b5c71e9 wp-block-group-is-layout-constrained\" style=\"padding-top:var(--wp--preset--spacing--20);padding-bottom:var(--wp--preset--spacing--20)\">\n<h4 class=\"wp-block-heading has-text-align-center\">Les \u00e9tablissements bancaires se trouvent constamment confront\u00e9s aux difficult\u00e9s d&rsquo;une entreprise ou de d\u00e9biteurs en situation d\u00e9licate.<\/h4>\n\n\n\n<p>Ils sont souvent amen\u00e9s \u00e0 engager un contentieux afin pr\u00e9server leur cr\u00e9ance d\u00e8s les premiers impay\u00e9s et ce dans les plus brefs d\u00e9lais compte tenu des d\u00e9lais de forclusion et de prescription particuli\u00e8rement courts d\u00e9sormais.<\/p>\n\n\n\n<p>Notre cabinet dispose d\u2019une longue exp\u00e9rience dans la d\u00e9fense des int\u00e9r\u00eats des banques, notamment en mati\u00e8re de recouvrement de cr\u00e9ances : mise en place de mesures conservatoires et de s\u00fbret\u00e9s judiciaires, obtention d&rsquo;un titre ex\u00e9cutoire et mise en \u0153uvre de mesures d&rsquo;ex\u00e9cution forc\u00e9es.<\/p>\n\n\n\n<p>Notre cabinet d\u00e9fend \u00e9galement les \u00e9tablissements bancaires dont les clients peuvent rechercher la responsabilit\u00e9.<\/p>\n<\/div>\n<\/div>\n\n\n\n<div class=\"wp-block-group has-global-padding is-layout-constrained wp-container-core-group-is-layout-481cc3c9 wp-block-group-is-layout-constrained\" style=\"padding-top:var(--wp--preset--spacing--30);padding-right:var(--wp--preset--spacing--10);padding-bottom:var(--wp--preset--spacing--30);padding-left:var(--wp--preset--spacing--10)\">\n<div class=\"wp-block-group is-layout-grid wp-container-core-group-is-layout-11dcbb43 wp-block-group-is-layout-grid\" style=\"margin-top:0;margin-bottom:0;padding-top:var(--wp--preset--spacing--10);padding-right:var(--wp--preset--spacing--10);padding-bottom:var(--wp--preset--spacing--10);padding-left:var(--wp--preset--spacing--10)\">\n<div class=\"wp-block-group has-global-padding is-layout-constrained wp-block-group-is-layout-constrained\">\n<h5 class=\"wp-block-heading has-text-align-center\"><a href=\"https:\/\/olney-avocats.fr\/index.php\/procedures-collectives\/\" data-type=\"page\" data-id=\"573\">Proc\u00e9dures collectives<\/a><\/h5>\n\n\n\n<div class=\"wp-block-uagb-image aligncenter uagb-block-f59e1c49 wp-block-uagb-image--layout-default wp-block-uagb-image--effect-grayscale wp-block-uagb-image--align-center\"><figure class=\"wp-block-uagb-image__figure\"><a class=\"\" href=\"https:\/\/olney-avocats.fr\/index.php\/procedures-collectives\/\" target=\"\" rel=\"noopener\"><img decoding=\"async\"  sizes=\"auto, (max-width: 480px) 150px\" src=\"https:\/\/olney-avocats.fr\/wp-content\/uploads\/2024\/12\/picto-redressement.png\" alt=\"\" width=\"168\" height=\"130\" title=\"\" loading=\"lazy\" role=\"img\"\/><\/a><\/figure><\/div>\n<\/div>\n\n\n\n<div class=\"wp-block-group has-global-padding is-layout-constrained wp-block-group-is-layout-constrained\">\n<h5 class=\"wp-block-heading has-text-align-center\"><a href=\"https:\/\/olney-avocats.fr\/index.php\/droit-du-travail\/\" data-type=\"page\" data-id=\"182\">  Droit du travail<\/a><\/h5>\n\n\n\n<div class=\"wp-block-uagb-image aligncenter uagb-block-e9a2e1e3 wp-block-uagb-image--layout-default wp-block-uagb-image--effect-grayscale wp-block-uagb-image--align-center\"><figure class=\"wp-block-uagb-image__figure\"><a class=\"\" href=\"https:\/\/olney-avocats.fr\/index.php\/droit-du-travail\/\" target=\"\" rel=\"noopener\"><img decoding=\"async\"  sizes=\"auto, (max-width: 480px) 150px\" src=\"https:\/\/olney-avocats.fr\/wp-content\/uploads\/2024\/12\/picto-droit-travail.png\" alt=\"\" width=\"169\" height=\"130\" title=\"\" loading=\"lazy\" role=\"img\"\/><\/a><\/figure><\/div>\n<\/div>\n\n\n\n<div class=\"wp-block-group wp-container-content-26a642f8 has-global-padding is-layout-constrained wp-block-group-is-layout-constrained\">\n<h5 class=\"wp-block-heading has-text-align-center\"><a href=\"https:\/\/olney-avocats.fr\/index.php\/contentieux-commercial-et-civil\/\" data-type=\"page\" data-id=\"578\">Contentieux<\/a><\/h5>\n\n\n\n<div class=\"wp-block-uagb-image aligncenter uagb-block-5e5c6f1a wp-block-uagb-image--layout-default wp-block-uagb-image--effect-grayscale wp-block-uagb-image--align-center\"><figure class=\"wp-block-uagb-image__figure\"><a class=\"\" href=\"https:\/\/olney-avocats.fr\/index.php\/contentieux-commercial-et-civil\/\" target=\"\" rel=\"noopener\"><img decoding=\"async\"  sizes=\"auto, (max-width: 480px) 150px\" src=\"https:\/\/olney-avocats.fr\/wp-content\/uploads\/2024\/12\/picto-droit-commercial.png\" alt=\"\" width=\"168\" height=\"130\" title=\"\" loading=\"lazy\" role=\"img\"\/><\/a><\/figure><\/div>\n<\/div>\n\n\n\n<div class=\"wp-block-group wp-container-content-26a642f8 has-global-padding is-layout-constrained wp-block-group-is-layout-constrained\">\n<p class=\"has-text-align-center\"><\/p>\n<\/div>\n<\/div>\n<\/div>\n","protected":false},"excerpt":{"rendered":"<p>Recouvrement de cr\u00e9ances Vous \u00eates cr\u00e9ancier ? Le temps joue contre vous, il faut agir vite. Vous poss\u00e9dez un titre ex\u00e9cutoire \u00e0 l\u2019encontre d\u2019un adversaire qui ne vous paye rien. Notre cabinet vous conseille sur la strat\u00e9gie de recouvrement et de garanties \u00e0 adopter. Il vous d\u00e9fend en cas de contestations. Si votre d\u00e9biteur poss\u00e8de [&hellip;]<\/p>\n","protected":false},"author":1,"featured_media":645,"parent":0,"menu_order":0,"comment_status":"closed","ping_status":"closed","template":"","meta":{"_uag_custom_page_level_css":"","footnotes":""},"class_list":["post-178","page","type-page","status-publish","has-post-thumbnail","hentry"],"uagb_featured_image_src":{"full":["https:\/\/olney-avocats.fr\/wp-content\/uploads\/2025\/06\/Recouvrement-Olney-Avocats-scaled.jpg",2560,364,false],"thumbnail":["https:\/\/olney-avocats.fr\/wp-content\/uploads\/2025\/06\/Recouvrement-Olney-Avocats-150x150.jpg",150,150,true],"medium":["https:\/\/olney-avocats.fr\/wp-content\/uploads\/2025\/06\/Recouvrement-Olney-Avocats-300x43.jpg",300,43,true],"medium_large":["https:\/\/olney-avocats.fr\/wp-content\/uploads\/2025\/06\/Recouvrement-Olney-Avocats-768x109.jpg",768,109,true],"large":["https:\/\/olney-avocats.fr\/wp-content\/uploads\/2025\/06\/Recouvrement-Olney-Avocats-1024x146.jpg",1024,146,true],"1536x1536":["https:\/\/olney-avocats.fr\/wp-content\/uploads\/2025\/06\/Recouvrement-Olney-Avocats-1536x219.jpg",1536,219,true],"2048x2048":["https:\/\/olney-avocats.fr\/wp-content\/uploads\/2025\/06\/Recouvrement-Olney-Avocats-2048x291.jpg",2048,291,true]},"uagb_author_info":{"display_name":"admin9236","author_link":"https:\/\/olney-avocats.fr\/index.php\/author\/admin9236\/"},"uagb_comment_info":0,"uagb_excerpt":"Recouvrement de cr\u00e9ances Vous \u00eates cr\u00e9ancier ? Le temps joue contre vous, il faut agir vite. Vous poss\u00e9dez un titre ex\u00e9cutoire \u00e0 l\u2019encontre d\u2019un adversaire qui ne vous paye rien. Notre cabinet vous conseille sur la strat\u00e9gie de recouvrement et de garanties \u00e0 adopter. Il vous d\u00e9fend en cas de contestations. Si votre d\u00e9biteur poss\u00e8de\u2026","_links":{"self":[{"href":"https:\/\/olney-avocats.fr\/index.php\/wp-json\/wp\/v2\/pages\/178","targetHints":{"allow":["GET"]}}],"collection":[{"href":"https:\/\/olney-avocats.fr\/index.php\/wp-json\/wp\/v2\/pages"}],"about":[{"href":"https:\/\/olney-avocats.fr\/index.php\/wp-json\/wp\/v2\/types\/page"}],"author":[{"embeddable":true,"href":"https:\/\/olney-avocats.fr\/index.php\/wp-json\/wp\/v2\/users\/1"}],"replies":[{"embeddable":true,"href":"https:\/\/olney-avocats.fr\/index.php\/wp-json\/wp\/v2\/comments?post=178"}],"version-history":[{"count":27,"href":"https:\/\/olney-avocats.fr\/index.php\/wp-json\/wp\/v2\/pages\/178\/revisions"}],"predecessor-version":[{"id":661,"href":"https:\/\/olney-avocats.fr\/index.php\/wp-json\/wp\/v2\/pages\/178\/revisions\/661"}],"wp:featuredmedia":[{"embeddable":true,"href":"https:\/\/olney-avocats.fr\/index.php\/wp-json\/wp\/v2\/media\/645"}],"wp:attachment":[{"href":"https:\/\/olney-avocats.fr\/index.php\/wp-json\/wp\/v2\/media?parent=178"}],"curies":[{"name":"wp","href":"https:\/\/api.w.org\/{rel}","templated":true}]}}