{"id":416,"date":"2024-12-17T20:26:23","date_gmt":"2024-12-17T19:26:23","guid":{"rendered":"https:\/\/olney-avocats.fr\/?page_id=416"},"modified":"2025-06-04T13:46:16","modified_gmt":"2025-06-04T11:46:16","slug":"conditions-procedures","status":"publish","type":"page","link":"https:\/\/olney-avocats.fr\/index.php\/conditions-procedures\/","title":{"rendered":"Conditions &#038; proc\u00e9dures"},"content":{"rendered":"\n<div class=\"wp-block-group has-global-padding is-layout-constrained wp-container-core-group-is-layout-51afdac9 wp-block-group-is-layout-constrained\" style=\"padding-top:var(--wp--preset--spacing--30);padding-right:var(--wp--preset--spacing--10);padding-bottom:var(--wp--preset--spacing--30);padding-left:var(--wp--preset--spacing--10)\">\n<h3 class=\"wp-block-heading has-text-align-center has-large-font-size\">Les premiers r\u00e9flexes\u2026<\/h3>\n\n\n\n<div class=\"wp-block-uagb-separator uagb-block-91e99b22\"><div class=\"wp-block-uagb-separator__inner\" style=\"--my-background-image:\"><\/div><\/div>\n\n\n\n<div class=\"wp-block-group has-global-padding is-layout-constrained wp-container-core-group-is-layout-3b5c71e9 wp-block-group-is-layout-constrained\" style=\"padding-top:var(--wp--preset--spacing--20);padding-bottom:var(--wp--preset--spacing--20)\">\n<p>1. Consulter le cahier des conditions de vente<\/p>\n\n\n\n<p>Le cahier des conditions de vente deviendra votre titre de propri\u00e9t\u00e9. Il comprend des informations incontournables concernant le bien en vente (descriptif, occupation, conditions de la vente\u2026)<\/p>\n\n\n\n<p>Le cahier des conditions de vente peut \u00eatre consult\u00e9 sur le site AVOVENTES, au cabinet de l&rsquo;avocat qui poursuit la vente OU au greffe des cri\u00e9es du Tribunal Judiciaire de BOBIGNY.<\/p>\n\n\n\n<p>2. Visiter le bien<\/p>\n\n\n\n<p>C&rsquo;est un commissaire de justice qui organise la visite.<\/p>\n\n\n\n<p>Les date et l&rsquo;heure de la visite figurent en g\u00e9n\u00e9ral sur les supports de publicit\u00e9 (affiches, annonces).<\/p>\n\n\n\n<p>\u00c0 d\u00e9faut, contacter l&rsquo;avocat qui poursuit la vente.<\/p>\n\n\n\n<p>3. Prendre rendez-vous<\/p>\n\n\n\n<p>Un rendez-vous physique ou en visio avec l\u2019avocat ench\u00e9risseur est indispensable.<\/p>\n\n\n\n<p><strong>N\u2019h\u00e9sitez pas \u00e0 nous consulter.<\/strong><\/p>\n<\/div>\n\n\n\n<h3 class=\"wp-block-heading has-text-align-center has-large-font-size\">Les conditions pour ench\u00e9rir<\/h3>\n\n\n\n<div class=\"wp-block-uagb-separator uagb-block-fe94db89\"><div class=\"wp-block-uagb-separator__inner\" style=\"--my-background-image:\"><\/div><\/div>\n\n\n\n<div class=\"wp-block-group has-global-padding is-layout-constrained wp-container-core-group-is-layout-3b5c71e9 wp-block-group-is-layout-constrained\" style=\"padding-top:var(--wp--preset--spacing--20);padding-bottom:var(--wp--preset--spacing--20)\">\n<p>Minist\u00e8re d&rsquo;avocat obligatoire : il faut donc prendre contact avec notre cabinet pour que nous puissions ensemble organiser votre repr\u00e9sentation.<\/p>\n\n\n\n<p>2 ch\u00e8ques de banque sont n\u00e9cessaires :<\/p>\n\n\n\n<ul class=\"wp-block-list\">\n<li>un ch\u00e8que de 10 % de la mise \u00e0 prix avec un minimum de 3000 \u20ac \u00e0 l&rsquo;ordre du B\u00e2tonnier S\u00e9questre (sauf exception).<\/li>\n\n\n\n<li>un ch\u00e8que de 15 000 \u20ac \u00e0 l&rsquo;ordre de de la CARPA.<\/li>\n<\/ul>\n\n\n\n<p>Pour toutes informations concernant les ventes aux ench\u00e8res publiques, contactez notre cabinet au : 01 48 66 75 00.<\/p>\n<\/div>\n<\/div>\n","protected":false},"excerpt":{"rendered":"<p>Les premiers r\u00e9flexes\u2026 1. Consulter le cahier des conditions de vente Le cahier des conditions de vente deviendra votre titre de propri\u00e9t\u00e9. Il comprend des informations incontournables concernant le bien en vente (descriptif, occupation, conditions de la vente\u2026) Le cahier des conditions de vente peut \u00eatre consult\u00e9 sur le site AVOVENTES, au cabinet de l&rsquo;avocat [&hellip;]<\/p>\n","protected":false},"author":1,"featured_media":633,"parent":0,"menu_order":0,"comment_status":"closed","ping_status":"closed","template":"","meta":{"_uag_custom_page_level_css":"","footnotes":""},"class_list":["post-416","page","type-page","status-publish","has-post-thumbnail","hentry"],"uagb_featured_image_src":{"full":["https:\/\/olney-avocats.fr\/wp-content\/uploads\/2025\/06\/Encheres-Conditions-Olney-Avocats-scaled.jpg",2560,364,false],"thumbnail":["https:\/\/olney-avocats.fr\/wp-content\/uploads\/2025\/06\/Encheres-Conditions-Olney-Avocats-150x150.jpg",150,150,true],"medium":["https:\/\/olney-avocats.fr\/wp-content\/uploads\/2025\/06\/Encheres-Conditions-Olney-Avocats-300x43.jpg",300,43,true],"medium_large":["https:\/\/olney-avocats.fr\/wp-content\/uploads\/2025\/06\/Encheres-Conditions-Olney-Avocats-768x109.jpg",768,109,true],"large":["https:\/\/olney-avocats.fr\/wp-content\/uploads\/2025\/06\/Encheres-Conditions-Olney-Avocats-1024x146.jpg",1024,146,true],"1536x1536":["https:\/\/olney-avocats.fr\/wp-content\/uploads\/2025\/06\/Encheres-Conditions-Olney-Avocats-1536x219.jpg",1536,219,true],"2048x2048":["https:\/\/olney-avocats.fr\/wp-content\/uploads\/2025\/06\/Encheres-Conditions-Olney-Avocats-2048x291.jpg",2048,291,true]},"uagb_author_info":{"display_name":"admin9236","author_link":"https:\/\/olney-avocats.fr\/index.php\/author\/admin9236\/"},"uagb_comment_info":0,"uagb_excerpt":"Les premiers r\u00e9flexes\u2026 1. Consulter le cahier des conditions de vente Le cahier des conditions de vente deviendra votre titre de propri\u00e9t\u00e9. Il comprend des informations incontournables concernant le bien en vente (descriptif, occupation, conditions de la vente\u2026) Le cahier des conditions de vente peut \u00eatre consult\u00e9 sur le site AVOVENTES, au cabinet de l&rsquo;avocat\u2026","_links":{"self":[{"href":"https:\/\/olney-avocats.fr\/index.php\/wp-json\/wp\/v2\/pages\/416","targetHints":{"allow":["GET"]}}],"collection":[{"href":"https:\/\/olney-avocats.fr\/index.php\/wp-json\/wp\/v2\/pages"}],"about":[{"href":"https:\/\/olney-avocats.fr\/index.php\/wp-json\/wp\/v2\/types\/page"}],"author":[{"embeddable":true,"href":"https:\/\/olney-avocats.fr\/index.php\/wp-json\/wp\/v2\/users\/1"}],"replies":[{"embeddable":true,"href":"https:\/\/olney-avocats.fr\/index.php\/wp-json\/wp\/v2\/comments?post=416"}],"version-history":[{"count":8,"href":"https:\/\/olney-avocats.fr\/index.php\/wp-json\/wp\/v2\/pages\/416\/revisions"}],"predecessor-version":[{"id":667,"href":"https:\/\/olney-avocats.fr\/index.php\/wp-json\/wp\/v2\/pages\/416\/revisions\/667"}],"wp:featuredmedia":[{"embeddable":true,"href":"https:\/\/olney-avocats.fr\/index.php\/wp-json\/wp\/v2\/media\/633"}],"wp:attachment":[{"href":"https:\/\/olney-avocats.fr\/index.php\/wp-json\/wp\/v2\/media?parent=416"}],"curies":[{"name":"wp","href":"https:\/\/api.w.org\/{rel}","templated":true}]}}