{"id":429,"date":"2024-12-17T20:40:59","date_gmt":"2024-12-17T19:40:59","guid":{"rendered":"https:\/\/olney-avocats.fr\/?page_id=429"},"modified":"2025-06-04T13:23:25","modified_gmt":"2025-06-04T11:23:25","slug":"contact","status":"publish","type":"page","link":"https:\/\/olney-avocats.fr\/index.php\/contact\/","title":{"rendered":"Contact"},"content":{"rendered":"\n<div class=\"wp-block-group has-global-padding is-layout-constrained wp-container-core-group-is-layout-8cc989fc wp-block-group-is-layout-constrained\" style=\"padding-top:var(--wp--preset--spacing--30);padding-right:var(--wp--preset--spacing--10);padding-bottom:var(--wp--preset--spacing--30);padding-left:var(--wp--preset--spacing--10)\">\n<h3 class=\"wp-block-heading has-text-align-center has-large-font-size\">Adresse<\/h3>\n\n\n\n<div class=\"wp-block-uagb-separator uagb-block-91e99b22\"><div class=\"wp-block-uagb-separator__inner\" style=\"--my-background-image:\"><\/div><\/div>\n\n\n\n<div class=\"wp-block-columns is-layout-flex wp-container-core-columns-is-layout-f369e703 wp-block-columns-is-layout-flex\" style=\"margin-top:var(--wp--preset--spacing--10);margin-bottom:var(--wp--preset--spacing--10)\">\n<div class=\"wp-block-column is-layout-flow wp-block-column-is-layout-flow\">\t\t\t<div \n\t\t\tclass=\"wp-block-uagb-google-map uagb-google-map__wrap uagb-block-fb2ec15b     \"\n\t\t\tstyle=\"\" >\n\t\t\t\t<embed\n\t\t\t\t\tclass=\"uagb-google-map__iframe\"\n\t\t\t\t\ttitle=\"Carte Google pour \"\n\t\t\t\t\tsrc=\"https:\/\/maps.google.com\/maps?q=S.C.P.%20Wuilque%20Bosqu%C3%A9%20Taouil%20Baraniack%20Dewinne%20-%202%20place%20de%20la%20R%C3%A9publique%20-%2093600%20Aulnay-Sous-Bois&#038;z=14&#038;hl=fr&#038;t=m&#038;output=embed&#038;iwloc=near\"\n\t\t\t\t\twidth=\"640\"\n\t\t\t\t\theight=\"300\"\n\t\t\t\t\tloading=\"lazy\"\n\t\t\t\t><\/embed>\n\t\t\t<\/div>\n\t\t\t<\/div>\n\n\n\n<div class=\"wp-block-column is-layout-flow wp-container-core-column-is-layout-02fefbd7 wp-block-column-is-layout-flow\" style=\"padding-top:var(--wp--preset--spacing--20);padding-right:var(--wp--preset--spacing--20);padding-bottom:var(--wp--preset--spacing--20);padding-left:var(--wp--preset--spacing--20)\">\n<h5 class=\"wp-block-heading\" style=\"padding-top:0;padding-bottom:var(--wp--preset--spacing--20)\"><strong>S.C.P. Wuilque Bosqu\u00e9<\/strong> <strong>Taouil Baraniack Dewinne<\/strong><\/h5>\n\n\n\n<div class=\"wp-block-uagb-icon-list uagb-block-84ddc318\"><div class=\"uagb-icon-list__wrap\">\n<div class=\"wp-block-uagb-icon-list-child uagb-block-3502c1ef\"><span class=\"uagb-icon-list__source-wrap\"><svg xmlns=\"https:\/\/www.w3.org\/2000\/svg\" viewBox=\"0 0 384 512\"><path d=\"M168.3 499.2C116.1 435 0 279.4 0 192C0 85.96 85.96 0 192 0C298 0 384 85.96 384 192C384 279.4 267 435 215.7 499.2C203.4 514.5 180.6 514.5 168.3 499.2H168.3zM192 256C227.3 256 256 227.3 256 192C256 156.7 227.3 128 192 128C156.7 128 128 156.7 128 192C128 227.3 156.7 256 192 256z\"><\/path><\/svg><\/span><span class=\"uagb-icon-list__label\">2, place de la R\u00e9publique<br>93600 Aulnay-Sous-Bois<\/span><\/div>\n\n\n\n<div class=\"wp-block-uagb-icon-list-child uagb-block-8a5de7aa\"><span class=\"uagb-icon-list__source-wrap\"><svg xmlns=\"https:\/\/www.w3.org\/2000\/svg\" viewBox=\"0 0 512 512\"><path d=\"M511.2 387l-23.25 100.8c-3.266 14.25-15.79 24.22-30.46 24.22C205.2 512 0 306.8 0 54.5c0-14.66 9.969-27.2 24.22-30.45l100.8-23.25C139.7-2.602 154.7 5.018 160.8 18.92l46.52 108.5c5.438 12.78 1.77 27.67-8.98 36.45L144.5 207.1c33.98 69.22 90.26 125.5 159.5 159.5l44.08-53.8c8.688-10.78 23.69-14.51 36.47-8.975l108.5 46.51C506.1 357.2 514.6 372.4 511.2 387z\"><\/path><\/svg><\/span><span class=\"uagb-icon-list__label\">01 48 66 75 00<\/span><\/div>\n\n\n\n<div class=\"wp-block-uagb-icon-list-child uagb-block-9d4831ec\"><span class=\"uagb-icon-list__source-wrap\"><svg xmlns=\"https:\/\/www.w3.org\/2000\/svg\" viewBox=\"0 0 512 512\"><path d=\"M464 64C490.5 64 512 85.49 512 112C512 127.1 504.9 141.3 492.8 150.4L275.2 313.6C263.8 322.1 248.2 322.1 236.8 313.6L19.2 150.4C7.113 141.3 0 127.1 0 112C0 85.49 21.49 64 48 64H464zM217.6 339.2C240.4 356.3 271.6 356.3 294.4 339.2L512 176V384C512 419.3 483.3 448 448 448H64C28.65 448 0 419.3 0 384V176L217.6 339.2z\"><\/path><\/svg><\/span><span class=\"uagb-icon-list__label\">cabinet@olney-avocats.fr<\/span><\/div>\n<\/div><\/div>\n\n\n\n<p>Du lundi au Jeudi de 8h30 \u00e0 12h30 et de 13h30 \u00e0 18h30<\/p>\n\n\n\n<p>Le Vendredi : de 8h30 \u00e0 12h30 et de 13h30 \u00e0 17h30<\/p>\n<\/div>\n<\/div>\n\n\n\n<p><strong>Accueil t\u00e9l\u00e9phonique :<\/strong><\/p>\n\n\n\n<p>Du lundi au Jeudi de 8h30 \u00e0 12h00 et de 13h30 \u00e0 18h30<\/p>\n\n\n\n<p>Le Vendredi : de 8h30 \u00e0 12h00 et de 13h30 \u00e0 17h30<\/p>\n\n\n\n<h3 class=\"wp-block-heading has-text-align-center has-large-font-size\" style=\"margin-top:var(--wp--preset--spacing--10);margin-bottom:0\">Se rendre au cabinet<\/h3>\n\n\n\n<div class=\"wp-block-uagb-separator uagb-block-1d3463b8\"><div class=\"wp-block-uagb-separator__inner\" style=\"--my-background-image:\"><\/div><\/div>\n\n\n\n<div class=\"wp-block-columns is-layout-flex wp-container-core-columns-is-layout-f369e703 wp-block-columns-is-layout-flex\" style=\"margin-top:var(--wp--preset--spacing--10);margin-bottom:var(--wp--preset--spacing--10)\">\n<div class=\"wp-block-column is-layout-flow wp-container-core-column-is-layout-14a0a060 wp-block-column-is-layout-flow\" style=\"padding-top:var(--wp--preset--spacing--10);padding-right:var(--wp--preset--spacing--10);padding-bottom:var(--wp--preset--spacing--10);padding-left:var(--wp--preset--spacing--10)\">\n<h5 class=\"wp-block-heading has-text-align-center\">En voiture<\/h5>\n\n\n\n<p>Autoroute A3, sortie Aulnay-Sous-Bois Centre.<\/p>\n\n\n\n<p>Suivre les panneaux d&rsquo;indication \u00ab\u00a0Centre Gare\u00a0\u00bb, le cabinet est \u00e0 2mn en voiture de la gare (\u00e0 cot\u00e9 de la clinique&nbsp;d&rsquo;Aulnay-sous-Bois).<\/p>\n\n\n\n<p>PARKING le plus proche : <a href=\"https:\/\/www.google.fr\/maps\/place\/Parking+Aulnay-Sous-Bois+Abrioux+-+EFFIA\/@48.9281323,2.49637,18z\/data=!4m10!1m2!2m1!1sparking+%C3%A0+proximit%C3%A9+de+Pl.+Jean-Claude+Abrioux,+Aulnay-sous-Bois!3m6!1s0x47e6138028529b65:0x1cdcf7ad06d22be9!8m2!3d48.9281323!4d2.4980542!15sCkJwYXJraW5nIMOgIHByb3hpbWl0w6kgZGUgUGwuIEplYW4tQ2xhdWRlIEFicmlvdXgsIEF1bG5heS1zb3VzLUJvaXOSAQtwYXJraW5nX2xvdOABAA!16s%2Fg%2F11kzfnp6_z?entry=ttu&amp;g_ep=EgoyMDI1MDMxMi4wIKXMDSoASAFQAw%3D%3D\" data-type=\"link\" data-id=\"https:\/\/www.google.fr\/maps\/place\/Parking+Aulnay-Sous-Bois+Abrioux+-+EFFIA\/@48.9281323,2.49637,18z\/data=!4m10!1m2!2m1!1sparking+%C3%A0+proximit%C3%A9+de+Pl.+Jean-Claude+Abrioux,+Aulnay-sous-Bois!3m6!1s0x47e6138028529b65:0x1cdcf7ad06d22be9!8m2!3d48.9281323!4d2.4980542!15sCkJwYXJraW5nIMOgIHByb3hpbWl0w6kgZGUgUGwuIEplYW4tQ2xhdWRlIEFicmlvdXgsIEF1bG5heS1zb3VzLUJvaXOSAQtwYXJraW5nX2xvdOABAA!16s%2Fg%2F11kzfnp6_z?entry=ttu&amp;g_ep=EgoyMDI1MDMxMi4wIKXMDSoASAFQAw%3D%3D\">PARKING ABRIOUX EFFIA<\/a><\/p>\n\n\n\n<p><a href=\"https:\/\/www.google.fr\/maps\/place\/Parking+Aulnay-Sous-Bois+Abrioux+-+EFFIA\/@48.9281323,2.49637,18z\/data=!4m10!1m2!2m1!1sparking+%C3%A0+proximit%C3%A9+de+Pl.+Jean-Claude+Abrioux,+Aulnay-sous-Bois!3m6!1s0x47e6138028529b65:0x1cdcf7ad06d22be9!8m2!3d48.9281323!4d2.4980542!15sCkJwYXJraW5nIMOgIHByb3hpbWl0w6kgZGUgUGwuIEplYW4tQ2xhdWRlIEFicmlvdXgsIEF1bG5heS1zb3VzLUJvaXOSAQtwYXJraW5nX2xvdOABAA!16s%2Fg%2F11kzfnp6_z?entry=ttu&amp;g_ep=EgoyMDI1MDMxMi4wIKXMDSoASAFQAw%3D%3D\">Place Jean-Claude ABRIOUX Aulnay sous bois<\/a><\/p>\n<\/div>\n\n\n\n<div class=\"wp-block-column is-layout-flow wp-container-core-column-is-layout-14a0a060 wp-block-column-is-layout-flow\" style=\"padding-top:var(--wp--preset--spacing--10);padding-right:var(--wp--preset--spacing--10);padding-bottom:var(--wp--preset--spacing--10);padding-left:var(--wp--preset--spacing--10)\">\n<h5 class=\"wp-block-heading has-text-align-center\"><strong>&nbsp;En transports en commun<\/strong><\/h5>\n\n\n\n<p>RER B, station AULNAY SOUS BOIS.<\/p>\n\n\n\n<p>Sortie Place du G\u00e9n\u00e9ral de&nbsp;Gaulle.<\/p>\n\n\n\n<p>Le cabinet est \u00e0 5 mn \u00e0 pied de la gare, \u00e0 c\u00f4t\u00e9 du parc Dumont.<\/p>\n<\/div>\n<\/div>\n<\/div>\n\n\n\n<div class=\"wp-block-group is-layout-flow wp-block-group-is-layout-flow has-background\" style=\"min-height:50px;background-image:url(&apos;https:\/\/olney-avocats.fr\/wp-content\/uploads\/2025\/06\/Formulaire-bas-Olney-Avocats-scaled.jpg&apos;);background-position:50% 96%;background-size:cover;\"><\/div>\n\n\n\n<div class=\"wp-block-group has-background has-global-padding is-layout-constrained wp-container-core-group-is-layout-d43ad135 wp-block-group-is-layout-constrained\" style=\"background-color:#efefed;padding-top:var(--wp--preset--spacing--20);padding-right:var(--wp--preset--spacing--10);padding-bottom:0;padding-left:var(--wp--preset--spacing--10)\">\n<h3 class=\"wp-block-heading has-text-align-center\">Une question ? Un renseignement ? Contactez nous<\/h3>\n\n\n\n<div class=\"wp-block-group is-layout-flow wp-block-group-is-layout-flow has-background\" style=\"min-height:600px;background-image:url(&apos;https:\/\/olney-avocats.fr\/wp-content\/uploads\/2024\/12\/bg-contact-accueil-1.png&apos;);background-position:50% 50%;background-repeat:no-repeat;background-size:contain;\"><style id=\"wpforms-css-vars-323-block-37f297ca-76c2-49d4-bb97-acf87abcdc00\">\n\t\t\t\t#wpforms-323.wpforms-block-37f297ca-76c2-49d4-bb97-acf87abcdc00 {\n\t\t\t\t--wpforms-button-border-radius: 15px;\n--wpforms-button-background-color: #c8638d;\n--wpforms-field-size-input-height: 43px;\n--wpforms-field-size-input-spacing: 15px;\n--wpforms-field-size-font-size: 16px;\n--wpforms-field-size-line-height: 19px;\n--wpforms-field-size-padding-h: 14px;\n--wpforms-field-size-checkbox-size: 16px;\n--wpforms-field-size-sublabel-spacing: 5px;\n--wpforms-field-size-icon-size: 1;\n--wpforms-label-size-font-size: 16px;\n--wpforms-label-size-line-height: 19px;\n--wpforms-label-size-sublabel-font-size: 14px;\n--wpforms-label-size-sublabel-line-height: 17px;\n--wpforms-button-size-font-size: 17px;\n--wpforms-button-size-height: 41px;\n--wpforms-button-size-padding-h: 15px;\n--wpforms-button-size-margin-top: 10px;\n\n\t\t\t}\n\t\t\t<\/style><div class=\"wpforms-container wpforms-container-full wpforms-block wpforms-block-37f297ca-76c2-49d4-bb97-acf87abcdc00 wpforms-render-modern\" id=\"wpforms-323\"><form id=\"wpforms-form-323\" class=\"wpforms-validate wpforms-form wpforms-ajax-form\" data-formid=\"323\" method=\"post\" enctype=\"multipart\/form-data\" action=\"\/index.php\/wp-json\/wp\/v2\/pages\/429\" data-token=\"ace356b6de5a55d4fa5755e147ffaffb\" data-token-time=\"1776603814\"><noscript class=\"wpforms-error-noscript\">Veuillez activer JavaScript dans votre navigateur pour remplir ce formulaire.<\/noscript><div class=\"wpforms-hidden\" id=\"wpforms-error-noscript\">Veuillez activer JavaScript dans votre navigateur pour remplir ce formulaire.<\/div><div class=\"wpforms-field-container\"><div id=\"wpforms-323-field_1-container\" class=\"wpforms-field wpforms-field-name wpforms-one-half wpforms-first\" data-field-id=\"1\"><label class=\"wpforms-field-label\" for=\"wpforms-323-field_1\">Nom <span class=\"wpforms-required-label\" aria-hidden=\"true\">*<\/span><\/label><input type=\"text\" id=\"wpforms-323-field_1\" class=\"wpforms-field-large wpforms-field-required\" name=\"wpforms[fields][1]\" aria-errormessage=\"wpforms-323-field_1-error\" required><\/div><div id=\"wpforms-323-field_2-container\" class=\"wpforms-field wpforms-field-email wpforms-one-half\" data-field-id=\"2\"><label class=\"wpforms-field-label\" for=\"wpforms-323-field_2\">E-mail <span class=\"wpforms-required-label\" aria-hidden=\"true\">*<\/span><\/label><input type=\"email\" id=\"wpforms-323-field_2\" class=\"wpforms-field-large wpforms-field-required\" name=\"wpforms[fields][2]\" spellcheck=\"false\" aria-errormessage=\"wpforms-323-field_2-error\" required><\/div><div id=\"wpforms-323-field_5-container\" class=\"wpforms-field wpforms-field-select wpforms-one-half wpforms-first wpforms-field-select-style-classic\" data-field-id=\"5\"><label class=\"wpforms-field-label\" for=\"wpforms-323-field_5\">Votre besoin<\/label><select id=\"wpforms-323-field_5\" class=\"wpforms-field-large\" name=\"wpforms[fields][5]\"><option value=\"Famille\" >Famille<\/option><option value=\"Divorce\" >Divorce<\/option><option value=\"Travail\" >Travail<\/option><option value=\"Habitation\" >Habitation<\/option><option value=\"Immobilier\" >Immobilier<\/option><option value=\"Assurances\" >Assurances<\/option><option value=\"Recouvrement\" >Recouvrement<\/option><option value=\"Droit de la banque\" >Droit de la banque<\/option><option value=\"Droit du travail\" >Droit du travail<\/option><option value=\"Liquidation\" >Liquidation<\/option><option value=\"P\u00e9nal\" >P\u00e9nal<\/option><\/select><\/div><div id=\"wpforms-323-field_6-container\" class=\"wpforms-field wpforms-field-select wpforms-one-half wpforms-field-select-style-classic\" data-field-id=\"6\"><label class=\"wpforms-field-label\" for=\"wpforms-323-field_6\">Priorit\u00e9<\/label><select id=\"wpforms-323-field_6\" class=\"wpforms-field-large\" name=\"wpforms[fields][6]\"><option value=\"Urgent\" >Urgent<\/option><option value=\"Sans urgence\" >Sans urgence<\/option><\/select><\/div><div id=\"wpforms-323-field_3-container\" class=\"wpforms-field wpforms-field-textarea wpforms-one-half wpforms-first\" data-field-id=\"3\"><label class=\"wpforms-field-label\" for=\"wpforms-323-field_3\">Message<\/label><textarea id=\"wpforms-323-field_3\" class=\"wpforms-field-large\" name=\"wpforms[fields][3]\" aria-errormessage=\"wpforms-323-field_3-error\" ><\/textarea><\/div><\/div><!-- .wpforms-field-container --><div class=\"wpforms-submit-container\" ><input type=\"hidden\" name=\"wpforms[id]\" value=\"323\"><input type=\"hidden\" name=\"page_title\" value=\"\"><input type=\"hidden\" name=\"page_url\" value=\"https:\/\/olney-avocats.fr\/index.php\/wp-json\/wp\/v2\/pages\/429\"><input type=\"hidden\" name=\"url_referer\" value=\"\"><button type=\"submit\" name=\"wpforms[submit]\" id=\"wpforms-submit-323\" class=\"wpforms-submit\" data-alt-text=\"Envoi en cours\" data-submit-text=\"ENVOYER\" aria-live=\"assertive\" value=\"wpforms-submit\">ENVOYER<\/button><img loading=\"lazy\" decoding=\"async\" src=\"https:\/\/olney-avocats.fr\/wp-content\/plugins\/wpforms-lite\/assets\/images\/submit-spin.svg\" class=\"wpforms-submit-spinner\" style=\"display: none;\" width=\"26\" height=\"26\" alt=\"Chargement en cours\"><\/div><\/form><\/div>  <!-- .wpforms-container --><\/div>\n<\/div>\n\n\n\n<div class=\"wp-block-group is-layout-flow wp-block-group-is-layout-flow has-background\" style=\"min-height:50px;background-image:url(&apos;https:\/\/olney-avocats.fr\/wp-content\/uploads\/2025\/06\/Assurances-Olney-Avocats-scaled.jpg&apos;);background-size:cover;\"><\/div>\n","protected":false},"excerpt":{"rendered":"<p>Adresse S.C.P. Wuilque Bosqu\u00e9 Taouil Baraniack Dewinne Du lundi au Jeudi de 8h30 \u00e0 12h30 et de 13h30 \u00e0 18h30 Le Vendredi : de 8h30 \u00e0 12h30 et de 13h30 \u00e0 17h30 Accueil t\u00e9l\u00e9phonique : Du lundi au Jeudi de 8h30 \u00e0 12h00 et de 13h30 \u00e0 18h30 Le Vendredi : de 8h30 \u00e0 12h00 [&hellip;]<\/p>\n","protected":false},"author":1,"featured_media":630,"parent":0,"menu_order":0,"comment_status":"closed","ping_status":"closed","template":"","meta":{"_uag_custom_page_level_css":"","footnotes":""},"class_list":["post-429","page","type-page","status-publish","has-post-thumbnail","hentry"],"uagb_featured_image_src":{"full":["https:\/\/olney-avocats.fr\/wp-content\/uploads\/2025\/06\/Contact-Olney-Avocats-scaled.jpg",2560,364,false],"thumbnail":["https:\/\/olney-avocats.fr\/wp-content\/uploads\/2025\/06\/Contact-Olney-Avocats-150x150.jpg",150,150,true],"medium":["https:\/\/olney-avocats.fr\/wp-content\/uploads\/2025\/06\/Contact-Olney-Avocats-300x43.jpg",300,43,true],"medium_large":["https:\/\/olney-avocats.fr\/wp-content\/uploads\/2025\/06\/Contact-Olney-Avocats-768x109.jpg",768,109,true],"large":["https:\/\/olney-avocats.fr\/wp-content\/uploads\/2025\/06\/Contact-Olney-Avocats-1024x146.jpg",1024,146,true],"1536x1536":["https:\/\/olney-avocats.fr\/wp-content\/uploads\/2025\/06\/Contact-Olney-Avocats-1536x219.jpg",1536,219,true],"2048x2048":["https:\/\/olney-avocats.fr\/wp-content\/uploads\/2025\/06\/Contact-Olney-Avocats-2048x291.jpg",2048,291,true]},"uagb_author_info":{"display_name":"admin9236","author_link":"https:\/\/olney-avocats.fr\/index.php\/author\/admin9236\/"},"uagb_comment_info":0,"uagb_excerpt":"Adresse S.C.P. Wuilque Bosqu\u00e9 Taouil Baraniack Dewinne Du lundi au Jeudi de 8h30 \u00e0 12h30 et de 13h30 \u00e0 18h30 Le Vendredi : de 8h30 \u00e0 12h30 et de 13h30 \u00e0 17h30 Accueil t\u00e9l\u00e9phonique : Du lundi au Jeudi de 8h30 \u00e0 12h00 et de 13h30 \u00e0 18h30 Le Vendredi : de 8h30 \u00e0 12h00\u2026","_links":{"self":[{"href":"https:\/\/olney-avocats.fr\/index.php\/wp-json\/wp\/v2\/pages\/429","targetHints":{"allow":["GET"]}}],"collection":[{"href":"https:\/\/olney-avocats.fr\/index.php\/wp-json\/wp\/v2\/pages"}],"about":[{"href":"https:\/\/olney-avocats.fr\/index.php\/wp-json\/wp\/v2\/types\/page"}],"author":[{"embeddable":true,"href":"https:\/\/olney-avocats.fr\/index.php\/wp-json\/wp\/v2\/users\/1"}],"replies":[{"embeddable":true,"href":"https:\/\/olney-avocats.fr\/index.php\/wp-json\/wp\/v2\/comments?post=429"}],"version-history":[{"count":9,"href":"https:\/\/olney-avocats.fr\/index.php\/wp-json\/wp\/v2\/pages\/429\/revisions"}],"predecessor-version":[{"id":650,"href":"https:\/\/olney-avocats.fr\/index.php\/wp-json\/wp\/v2\/pages\/429\/revisions\/650"}],"wp:featuredmedia":[{"embeddable":true,"href":"https:\/\/olney-avocats.fr\/index.php\/wp-json\/wp\/v2\/media\/630"}],"wp:attachment":[{"href":"https:\/\/olney-avocats.fr\/index.php\/wp-json\/wp\/v2\/media?parent=429"}],"curies":[{"name":"wp","href":"https:\/\/api.w.org\/{rel}","templated":true}]}}