{"id":505,"date":"2025-01-01T21:26:14","date_gmt":"2025-01-01T20:26:14","guid":{"rendered":"https:\/\/olney-avocats.fr\/?page_id=505"},"modified":"2025-03-16T15:43:45","modified_gmt":"2025-03-16T14:43:45","slug":"particuliers","status":"publish","type":"page","link":"https:\/\/olney-avocats.fr\/index.php\/particuliers\/","title":{"rendered":"Particuliers"},"content":{"rendered":"\n<div class=\"wp-block-group has-global-padding is-layout-constrained wp-container-core-group-is-layout-a5ca67bc wp-block-group-is-layout-constrained\" style=\"padding-top:var(--wp--preset--spacing--30);padding-right:var(--wp--preset--spacing--10);padding-bottom:var(--wp--preset--spacing--30);padding-left:var(--wp--preset--spacing--10)\">\n<p><strong>Le cabinet Olney Avocats associ\u00e9s, propose d\u2019accompagner juridiquement les particuliers et de r\u00e9pondre \u00e0 leurs besoins en assurant la protection de leurs droits.<\/strong><\/p>\n\n\n\n<p><strong>Consultation juridique :\u00a0<\/strong> pour aider les particuliers \u00e0 comprendre leurs droits et obligations dans diverses situations. Que ce soit notamment pour des questions de droit de la famille, de droit p\u00e9nal ou de droit du travail, cette premi\u00e8re \u00e9tape est cruciale pour d\u00e9finir la meilleure approche \u00e0 adopter.<\/p>\n\n\n\n<p><strong>Repr\u00e9sentation dans les litiges et strat\u00e9gie de d\u00e9fense :<\/strong> nous \u00e9laborons ensemble une strat\u00e9gie de d\u00e9fense en tentant toujours de privil\u00e9gier une solution amiable et si nous n\u2019y parvenons pas, plaiderons avec conviction en vue d\u2019obtenir le meilleur r\u00e9sultat possible.<\/p>\n\n\n\n<p><strong>M\u00e9diation et n\u00e9gociation :<\/strong> dans de nombreux cas, nous pouvons aider \u00e0 r\u00e9soudre les diff\u00e9rends \u00e0 l&rsquo;amiable par le biais de la m\u00e9diation ou de la n\u00e9gociation. Cela permet souvent d&rsquo;\u00e9viter les proc\u00e9dures judiciaires longues et co\u00fbteuses tout en pr\u00e9servant les relations entre les parties.<\/p>\n\n\n\n<p><strong>Assistance en droit de la famille :<\/strong> notre expertise permet de vous accompagner dans des domaines tels que le divorce, la garde d&rsquo;enfants, la pension alimentaire, l&rsquo;adoption et les successions.<\/p>\n\n\n\n<p><strong>Assistance en droit p\u00e9nal :<\/strong> en cas de poursuite contraventionnelle, correctionnelle ou criminelle, nous vous repr\u00e9sentons devant toutes juridictions p\u00e9nales, y compris pour la d\u00e9fense des mineurs. Nous repr\u00e9sentons \u00e9galement les victimes d\u2019infractions devant les m\u00eames juridictions.<\/p>\n\n\n\n<p><strong>Droit du travail :<\/strong> Notre cabinet assiste les particuliers dans les litiges li\u00e9s \u00e0 l\u2019ex\u00e9cution ou la rupture du contrat de travail (licenciement abusif, harc\u00e8lement, discrimination, manquement aux obligations issus du contrat de travail). Il peut \u00e9galement contr\u00f4ler le montant des indemnit\u00e9s per\u00e7ues lors d\u2019un licenciement ou d\u2019une rupture conventionnelle et accompagne les salari\u00e9s dans le cadre d\u2019un d\u00e9part n\u00e9goci\u00e9 de l\u2019entreprise.<\/p>\n\n\n\n<p>Le cabinet Olney Avocats et Associ\u00e9s offre une multitude de services qui prot\u00e8ge les int\u00e9r\u00eats des particuliers dans un monde juridique complexe. Que ce soit pour des conseils, une repr\u00e9sentation ou la r\u00e9daction d\u2019actes, l\u2019expertise d\u2019un avocat est un atout pr\u00e9cieux pour affronter efficacement tout probl\u00e8me juridique.<\/p>\n<\/div>\n\n\n\n<div class=\"wp-block-group has-global-padding is-layout-constrained wp-container-core-group-is-layout-7e5293fa wp-block-group-is-layout-constrained\" style=\"padding-top:var(--wp--preset--spacing--30);padding-right:var(--wp--preset--spacing--10);padding-bottom:var(--wp--preset--spacing--30);padding-left:var(--wp--preset--spacing--10)\">\n<div class=\"wp-block-group is-layout-grid wp-container-core-group-is-layout-174ee0ff wp-block-group-is-layout-grid\" style=\"padding-top:var(--wp--preset--spacing--10);padding-right:var(--wp--preset--spacing--10);padding-bottom:var(--wp--preset--spacing--10);padding-left:var(--wp--preset--spacing--10)\">\n<div class=\"wp-block-group has-global-padding is-layout-constrained wp-block-group-is-layout-constrained\">\n<h5 class=\"wp-block-heading has-text-align-center\"><a href=\"https:\/\/olney-avocats.fr\/index.php\/famille\/\" data-type=\"page\" data-id=\"125\">Famille<\/a><\/h5>\n\n\n\n<div class=\"wp-block-uagb-image uagb-block-e7d27f7d wp-block-uagb-image--layout-default wp-block-uagb-image--effect-grayscale wp-block-uagb-image--align-none\"><figure class=\"wp-block-uagb-image__figure\"><a class=\"\" href=\"https:\/\/olney-avocats.fr\/index.php\/famille\/\" target=\"\" rel=\"noopener\"><img decoding=\"async\"  sizes=\"auto, (max-width: 480px) 150px\" src=\"https:\/\/olney-avocats.fr\/wp-content\/uploads\/2024\/12\/picto-famille.png\" alt=\"\" width=\"169\" height=\"130\" title=\"\" loading=\"lazy\" role=\"img\"\/><\/a><\/figure><\/div>\n<\/div>\n\n\n\n<div class=\"wp-block-group has-global-padding is-layout-constrained wp-block-group-is-layout-constrained\">\n<h5 class=\"wp-block-heading has-text-align-center\"><a href=\"https:\/\/olney-avocats.fr\/index.php\/travail\/\" data-type=\"page\" data-id=\"128\">Travail<\/a><\/h5>\n\n\n\n<div class=\"wp-block-uagb-image uagb-block-0fa25459 wp-block-uagb-image--layout-default wp-block-uagb-image--effect-grayscale wp-block-uagb-image--align-none\"><figure class=\"wp-block-uagb-image__figure\"><a class=\"\" href=\"https:\/\/olney-avocats.fr\/index.php\/travail\/\" target=\"\" rel=\"noopener\"><img decoding=\"async\"  sizes=\"auto, (max-width: 480px) 150px\" src=\"https:\/\/olney-avocats.fr\/wp-content\/uploads\/2024\/12\/picto-travail.png\" alt=\"\" width=\"169\" height=\"130\" title=\"\" loading=\"lazy\" role=\"img\"\/><\/a><\/figure><\/div>\n<\/div>\n\n\n\n<div class=\"wp-block-group has-global-padding is-layout-constrained wp-block-group-is-layout-constrained\">\n<h5 class=\"wp-block-heading has-text-align-center\"><a href=\"https:\/\/olney-avocats.fr\/index.php\/immobilier\/\" data-type=\"page\" data-id=\"131\">Immobilier<\/a><\/h5>\n\n\n\n<div class=\"wp-block-uagb-image uagb-block-b79509fb wp-block-uagb-image--layout-default wp-block-uagb-image--effect-grayscale wp-block-uagb-image--align-none\"><figure class=\"wp-block-uagb-image__figure\"><img decoding=\"async\"  sizes=\"auto, (max-width: 480px) 150px\" src=\"https:\/\/olney-avocats.fr\/wp-content\/uploads\/2024\/12\/picto-immobilier.png\" alt=\"\" width=\"169\" height=\"130\" title=\"\" loading=\"lazy\" role=\"img\"\/><\/figure><\/div>\n<\/div>\n\n\n\n<div class=\"wp-block-group has-global-padding is-layout-constrained wp-block-group-is-layout-constrained\">\n<h5 class=\"wp-block-heading has-text-align-center\"><a href=\"https:\/\/olney-avocats.fr\/index.php\/penal\/\" data-type=\"page\" data-id=\"134\">P\u00e9nal<\/a><\/h5>\n\n\n\n<div class=\"wp-block-uagb-image uagb-block-0769b568 wp-block-uagb-image--layout-default wp-block-uagb-image--effect-grayscale wp-block-uagb-image--align-none\"><figure class=\"wp-block-uagb-image__figure\"><a class=\"\" href=\"https:\/\/olney-avocats.fr\/index.php\/penal\/\" target=\"\" rel=\"noopener\"><img decoding=\"async\"  sizes=\"auto, (max-width: 480px) 150px\" src=\"https:\/\/olney-avocats.fr\/wp-content\/uploads\/2024\/12\/picto-penal.png\" alt=\"\" width=\"169\" height=\"130\" title=\"\" loading=\"lazy\" role=\"img\"\/><\/a><\/figure><\/div>\n<\/div>\n\n\n\n<div class=\"wp-block-group has-global-padding is-layout-constrained wp-block-group-is-layout-constrained\">\n<h5 class=\"wp-block-heading has-text-align-center\"><a href=\"https:\/\/olney-avocats.fr\/index.php\/habitation\/\" data-type=\"page\" data-id=\"137\">Habitation<\/a><\/h5>\n\n\n\n<div class=\"wp-block-uagb-image uagb-block-4b22f483 wp-block-uagb-image--layout-default wp-block-uagb-image--effect-grayscale wp-block-uagb-image--align-none\"><figure class=\"wp-block-uagb-image__figure\"><a class=\"\" href=\"https:\/\/olney-avocats.fr\/index.php\/habitation\/\" target=\"\" rel=\"noopener\"><img decoding=\"async\"  sizes=\"auto, (max-width: 480px) 150px\" src=\"https:\/\/olney-avocats.fr\/wp-content\/uploads\/2024\/12\/picto-habitation.png\" alt=\"\" width=\"169\" height=\"130\" title=\"\" loading=\"lazy\" role=\"img\"\/><\/a><\/figure><\/div>\n<\/div>\n\n\n\n<div class=\"wp-block-group has-global-padding is-layout-constrained wp-block-group-is-layout-constrained\">\n<h5 class=\"wp-block-heading has-text-align-center\"><a href=\"https:\/\/olney-avocats.fr\/index.php\/assurances\/\" data-type=\"page\" data-id=\"140\">Assurances<\/a><\/h5>\n\n\n\n<div class=\"wp-block-uagb-image uagb-block-2eb6d240 wp-block-uagb-image--layout-default wp-block-uagb-image--effect-grayscale wp-block-uagb-image--align-none\"><figure class=\"wp-block-uagb-image__figure\"><a class=\"\" href=\"https:\/\/olney-avocats.fr\/index.php\/assurances\/\" target=\"\" rel=\"noopener\"><img decoding=\"async\"  sizes=\"auto, (max-width: 480px) 150px\" src=\"https:\/\/olney-avocats.fr\/wp-content\/uploads\/2024\/12\/picto-assurance.png\" alt=\"\" width=\"169\" height=\"130\" title=\"\" loading=\"lazy\" role=\"img\"\/><\/a><\/figure><\/div>\n<\/div>\n\n\n\n<div class=\"wp-block-group has-global-padding is-layout-constrained wp-block-group-is-layout-constrained\">\n<h5 class=\"wp-block-heading has-text-align-center\"><a href=\"https:\/\/olney-avocats.fr\/index.php\/recouvrement\/\" data-type=\"page\" data-id=\"178\">Recouvrement<\/a><\/h5>\n\n\n\n<div class=\"wp-block-uagb-image uagb-block-2761554e wp-block-uagb-image--layout-default wp-block-uagb-image--effect-grayscale wp-block-uagb-image--align-none\"><figure class=\"wp-block-uagb-image__figure\"><img decoding=\"async\"  sizes=\"auto, (max-width: 480px) 150px\" src=\"https:\/\/olney-avocats.fr\/wp-content\/uploads\/2024\/12\/picto-recouvrement.png\" alt=\"\" width=\"168\" height=\"130\" title=\"\" loading=\"lazy\" role=\"img\"\/><\/figure><\/div>\n<\/div>\n<\/div>\n<\/div>\n","protected":false},"excerpt":{"rendered":"<p>Le cabinet Olney Avocats associ\u00e9s, propose d\u2019accompagner juridiquement les particuliers et de r\u00e9pondre \u00e0 leurs besoins en assurant la protection de leurs droits. Consultation juridique :\u00a0 pour aider les particuliers \u00e0 comprendre leurs droits et obligations dans diverses situations. Que ce soit notamment pour des questions de droit de la famille, de droit p\u00e9nal ou [&hellip;]<\/p>\n","protected":false},"author":1,"featured_media":506,"parent":0,"menu_order":0,"comment_status":"closed","ping_status":"closed","template":"","meta":{"_uag_custom_page_level_css":"","footnotes":""},"class_list":["post-505","page","type-page","status-publish","has-post-thumbnail","hentry"],"uagb_featured_image_src":{"full":["https:\/\/olney-avocats.fr\/wp-content\/uploads\/2025\/01\/Particuliers.png",1922,460,false],"thumbnail":["https:\/\/olney-avocats.fr\/wp-content\/uploads\/2025\/01\/Particuliers-150x150.png",150,150,true],"medium":["https:\/\/olney-avocats.fr\/wp-content\/uploads\/2025\/01\/Particuliers-300x72.png",300,72,true],"medium_large":["https:\/\/olney-avocats.fr\/wp-content\/uploads\/2025\/01\/Particuliers-768x184.png",768,184,true],"large":["https:\/\/olney-avocats.fr\/wp-content\/uploads\/2025\/01\/Particuliers-1024x245.png",1024,245,true],"1536x1536":["https:\/\/olney-avocats.fr\/wp-content\/uploads\/2025\/01\/Particuliers-1536x368.png",1536,368,true],"2048x2048":["https:\/\/olney-avocats.fr\/wp-content\/uploads\/2025\/01\/Particuliers.png",1922,460,false]},"uagb_author_info":{"display_name":"admin9236","author_link":"https:\/\/olney-avocats.fr\/index.php\/author\/admin9236\/"},"uagb_comment_info":0,"uagb_excerpt":"Le cabinet Olney Avocats associ\u00e9s, propose d\u2019accompagner juridiquement les particuliers et de r\u00e9pondre \u00e0 leurs besoins en assurant la protection de leurs droits. Consultation juridique :\u00a0 pour aider les particuliers \u00e0 comprendre leurs droits et obligations dans diverses situations. Que ce soit notamment pour des questions de droit de la famille, de droit p\u00e9nal ou\u2026","_links":{"self":[{"href":"https:\/\/olney-avocats.fr\/index.php\/wp-json\/wp\/v2\/pages\/505","targetHints":{"allow":["GET"]}}],"collection":[{"href":"https:\/\/olney-avocats.fr\/index.php\/wp-json\/wp\/v2\/pages"}],"about":[{"href":"https:\/\/olney-avocats.fr\/index.php\/wp-json\/wp\/v2\/types\/page"}],"author":[{"embeddable":true,"href":"https:\/\/olney-avocats.fr\/index.php\/wp-json\/wp\/v2\/users\/1"}],"replies":[{"embeddable":true,"href":"https:\/\/olney-avocats.fr\/index.php\/wp-json\/wp\/v2\/comments?post=505"}],"version-history":[{"count":5,"href":"https:\/\/olney-avocats.fr\/index.php\/wp-json\/wp\/v2\/pages\/505\/revisions"}],"predecessor-version":[{"id":558,"href":"https:\/\/olney-avocats.fr\/index.php\/wp-json\/wp\/v2\/pages\/505\/revisions\/558"}],"wp:featuredmedia":[{"embeddable":true,"href":"https:\/\/olney-avocats.fr\/index.php\/wp-json\/wp\/v2\/media\/506"}],"wp:attachment":[{"href":"https:\/\/olney-avocats.fr\/index.php\/wp-json\/wp\/v2\/media?parent=505"}],"curies":[{"name":"wp","href":"https:\/\/api.w.org\/{rel}","templated":true}]}}