{"id":508,"date":"2025-01-01T21:32:10","date_gmt":"2025-01-01T20:32:10","guid":{"rendered":"https:\/\/olney-avocats.fr\/?page_id=508"},"modified":"2025-06-04T13:24:21","modified_gmt":"2025-06-04T11:24:21","slug":"entreprises","status":"publish","type":"page","link":"https:\/\/olney-avocats.fr\/index.php\/entreprises\/","title":{"rendered":"Entreprises"},"content":{"rendered":"\n<div class=\"wp-block-group has-global-padding is-layout-constrained wp-container-core-group-is-layout-fd96119b wp-block-group-is-layout-constrained\" style=\"margin-top:0;margin-bottom:0;padding-top:var(--wp--preset--spacing--30);padding-right:var(--wp--preset--spacing--10);padding-bottom:var(--wp--preset--spacing--30);padding-left:var(--wp--preset--spacing--10)\">\n<p><strong>Le cabinet Olney Avocats et Associ\u00e9s assiste et repr\u00e9sente les entreprises quel que soit leur secteur d\u2019activit\u00e9.<\/strong><\/p>\n\n\n\n<p><strong>Droit du travail :<\/strong> notre cabinet assiste les entreprises dans la gestion de leurs relations avec les salari\u00e9s. Nous apportons nos conseils s\u2019agissant de la r\u00e9daction des contrats de travail, les politiques internes, les licenciements, ainsi que sur la conformit\u00e9 avec la l\u00e9gislation du travail.<\/p>\n\n\n\n<p><strong>Contentieux commercial et civil :<\/strong> dans les litiges commerciaux ou de responsabilit\u00e9 civile, un avocat peut repr\u00e9senter l\u2019entreprise devant les tribunaux. Il \u00e9labore des strat\u00e9gies de d\u00e9fense afin de pr\u00e9server les int\u00e9r\u00eats de l\u2019entreprise.<\/p>\n\n\n\n<p><strong>Recouvrement forc\u00e9 :<\/strong> notre cabinet assiste les entreprises dans l\u2019obtention d\u2019une d\u00e9cision de condamnation, puis dans l\u2019ex\u00e9cution forc\u00e9e de cette derni\u00e8re. Une attention particuli\u00e8re est port\u00e9e sur les s\u00fbret\u00e9s qui peuvent \u00eatre prises pour garantir un paiement ou \u00e9viter l\u2019organisation d\u2019une insolvabilit\u00e9. Notre cabinet est en mesure de mettre en place une proc\u00e9dure de saisie immobili\u00e8re pour permettre \u00e0 l\u2019entreprise de r\u00e9cup\u00e9rer les sommes qui lui sont dues.<\/p>\n\n\n\n<p>Notre cabinet d\u2019avocat est un partenaire pour les entreprises, nous fournissons l\u2019expertise juridique n\u00e9cessaire pour prot\u00e9ger leurs int\u00e9r\u00eats et assurer la pr\u00e9servation des risque.<\/p>\n<\/div>\n\n\n\n<div class=\"wp-block-group has-global-padding is-layout-constrained wp-container-core-group-is-layout-4c80b8b7 wp-block-group-is-layout-constrained\" style=\"padding-top:var(--wp--preset--spacing--30);padding-right:var(--wp--preset--spacing--10);padding-bottom:var(--wp--preset--spacing--30);padding-left:var(--wp--preset--spacing--10)\">\n<div class=\"wp-block-group is-layout-grid wp-container-core-group-is-layout-11dcbb43 wp-block-group-is-layout-grid\" style=\"margin-top:0;margin-bottom:0;padding-top:var(--wp--preset--spacing--10);padding-right:var(--wp--preset--spacing--10);padding-bottom:var(--wp--preset--spacing--10);padding-left:var(--wp--preset--spacing--10)\">\n<div class=\"wp-block-group has-global-padding is-layout-constrained wp-block-group-is-layout-constrained\">\n<h5 class=\"wp-block-heading has-text-align-center\"><a href=\"https:\/\/olney-avocats.fr\/index.php\/recouvrement\/\" data-type=\"page\" data-id=\"178\">Recouvrement<\/a><\/h5>\n\n\n\n<figure class=\"wp-block-image aligncenter size-full\" style=\"margin-top:var(--wp--preset--spacing--10);margin-right:var(--wp--preset--spacing--10);margin-bottom:var(--wp--preset--spacing--10);margin-left:var(--wp--preset--spacing--10)\"><a href=\"https:\/\/olney-avocats.fr\/index.php\/recouvrement\/\"><img loading=\"lazy\" decoding=\"async\" width=\"168\" height=\"130\" src=\"https:\/\/olney-avocats.fr\/wp-content\/uploads\/2024\/12\/picto-recouvrement-entreprise.png\" alt=\"\" class=\"wp-image-233\"\/><\/a><\/figure>\n<\/div>\n\n\n\n<div class=\"wp-block-group has-global-padding is-layout-constrained wp-block-group-is-layout-constrained\">\n<h5 class=\"wp-block-heading has-text-align-center\"><a href=\"https:\/\/olney-avocats.fr\/index.php\/procedures-collectives\/\" data-type=\"page\" data-id=\"573\">Proc\u00e9dures collectives<\/a><\/h5>\n\n\n\n<figure class=\"wp-block-image aligncenter size-full\" style=\"margin-top:var(--wp--preset--spacing--10);margin-right:var(--wp--preset--spacing--10);margin-bottom:var(--wp--preset--spacing--10);margin-left:var(--wp--preset--spacing--10)\"><a href=\"https:\/\/olney-avocats.fr\/index.php\/procedures-collectives\/\"><img loading=\"lazy\" decoding=\"async\" width=\"168\" height=\"130\" src=\"https:\/\/olney-avocats.fr\/wp-content\/uploads\/2024\/12\/picto-redressement.png\" alt=\"\" class=\"wp-image-228\"\/><\/a><\/figure>\n<\/div>\n\n\n\n<div class=\"wp-block-group has-global-padding is-layout-constrained wp-block-group-is-layout-constrained\">\n<h5 class=\"wp-block-heading has-text-align-center\"><a href=\"https:\/\/olney-avocats.fr\/index.php\/droit-du-travail\/\" data-type=\"page\" data-id=\"182\">Droit du travail<\/a><\/h5>\n\n\n\n<figure class=\"wp-block-image aligncenter size-full\" style=\"margin-top:var(--wp--preset--spacing--10);margin-right:var(--wp--preset--spacing--10);margin-bottom:var(--wp--preset--spacing--10);margin-left:var(--wp--preset--spacing--10)\"><a href=\"https:\/\/olney-avocats.fr\/index.php\/droit-du-travail\/\"><img loading=\"lazy\" decoding=\"async\" width=\"169\" height=\"130\" src=\"https:\/\/olney-avocats.fr\/wp-content\/uploads\/2024\/12\/picto-droit-travail.png\" alt=\"\" class=\"wp-image-229\"\/><\/a><\/figure>\n<\/div>\n\n\n\n<div class=\"wp-block-group wp-container-content-26a642f8 has-global-padding is-layout-constrained wp-block-group-is-layout-constrained\">\n<h5 class=\"wp-block-heading has-text-align-center\"><a href=\"https:\/\/olney-avocats.fr\/index.php\/contentieux-commercial-et-civil\/\" data-type=\"page\" data-id=\"578\">Contentieux<\/a><\/h5>\n\n\n\n<figure class=\"wp-block-image aligncenter size-full\" style=\"margin-top:var(--wp--preset--spacing--10);margin-right:var(--wp--preset--spacing--10);margin-bottom:var(--wp--preset--spacing--10);margin-left:var(--wp--preset--spacing--10)\"><a href=\"https:\/\/olney-avocats.fr\/index.php\/contentieux-commercial-et-civil\/\"><img loading=\"lazy\" decoding=\"async\" width=\"168\" height=\"130\" src=\"https:\/\/olney-avocats.fr\/wp-content\/uploads\/2024\/12\/picto-droit-commercial.png\" alt=\"\" class=\"wp-image-230\"\/><\/a><\/figure>\n<\/div>\n\n\n\n<div class=\"wp-block-group has-global-padding is-layout-constrained wp-block-group-is-layout-constrained\">\n<p class=\"has-text-align-center\"><\/p>\n<\/div>\n<\/div>\n<\/div>\n","protected":false},"excerpt":{"rendered":"<p>Le cabinet Olney Avocats et Associ\u00e9s assiste et repr\u00e9sente les entreprises quel que soit leur secteur d\u2019activit\u00e9. Droit du travail : notre cabinet assiste les entreprises dans la gestion de leurs relations avec les salari\u00e9s. Nous apportons nos conseils s\u2019agissant de la r\u00e9daction des contrats de travail, les politiques internes, les licenciements, ainsi que sur [&hellip;]<\/p>\n","protected":false},"author":1,"featured_media":509,"parent":0,"menu_order":0,"comment_status":"closed","ping_status":"closed","template":"","meta":{"_uag_custom_page_level_css":"","footnotes":""},"class_list":["post-508","page","type-page","status-publish","has-post-thumbnail","hentry"],"uagb_featured_image_src":{"full":["https:\/\/olney-avocats.fr\/wp-content\/uploads\/2025\/01\/Professionnels.png",1926,461,false],"thumbnail":["https:\/\/olney-avocats.fr\/wp-content\/uploads\/2025\/01\/Professionnels-150x150.png",150,150,true],"medium":["https:\/\/olney-avocats.fr\/wp-content\/uploads\/2025\/01\/Professionnels-300x72.png",300,72,true],"medium_large":["https:\/\/olney-avocats.fr\/wp-content\/uploads\/2025\/01\/Professionnels-768x184.png",768,184,true],"large":["https:\/\/olney-avocats.fr\/wp-content\/uploads\/2025\/01\/Professionnels-1024x245.png",1024,245,true],"1536x1536":["https:\/\/olney-avocats.fr\/wp-content\/uploads\/2025\/01\/Professionnels-1536x368.png",1536,368,true],"2048x2048":["https:\/\/olney-avocats.fr\/wp-content\/uploads\/2025\/01\/Professionnels.png",1926,461,false]},"uagb_author_info":{"display_name":"admin9236","author_link":"https:\/\/olney-avocats.fr\/index.php\/author\/admin9236\/"},"uagb_comment_info":0,"uagb_excerpt":"Le cabinet Olney Avocats et Associ\u00e9s assiste et repr\u00e9sente les entreprises quel que soit leur secteur d\u2019activit\u00e9. Droit du travail : notre cabinet assiste les entreprises dans la gestion de leurs relations avec les salari\u00e9s. Nous apportons nos conseils s\u2019agissant de la r\u00e9daction des contrats de travail, les politiques internes, les licenciements, ainsi que sur\u2026","_links":{"self":[{"href":"https:\/\/olney-avocats.fr\/index.php\/wp-json\/wp\/v2\/pages\/508","targetHints":{"allow":["GET"]}}],"collection":[{"href":"https:\/\/olney-avocats.fr\/index.php\/wp-json\/wp\/v2\/pages"}],"about":[{"href":"https:\/\/olney-avocats.fr\/index.php\/wp-json\/wp\/v2\/types\/page"}],"author":[{"embeddable":true,"href":"https:\/\/olney-avocats.fr\/index.php\/wp-json\/wp\/v2\/users\/1"}],"replies":[{"embeddable":true,"href":"https:\/\/olney-avocats.fr\/index.php\/wp-json\/wp\/v2\/comments?post=508"}],"version-history":[{"count":5,"href":"https:\/\/olney-avocats.fr\/index.php\/wp-json\/wp\/v2\/pages\/508\/revisions"}],"predecessor-version":[{"id":591,"href":"https:\/\/olney-avocats.fr\/index.php\/wp-json\/wp\/v2\/pages\/508\/revisions\/591"}],"wp:featuredmedia":[{"embeddable":true,"href":"https:\/\/olney-avocats.fr\/index.php\/wp-json\/wp\/v2\/media\/509"}],"wp:attachment":[{"href":"https:\/\/olney-avocats.fr\/index.php\/wp-json\/wp\/v2\/media?parent=508"}],"curies":[{"name":"wp","href":"https:\/\/api.w.org\/{rel}","templated":true}]}}