{"id":573,"date":"2025-03-16T16:11:13","date_gmt":"2025-03-16T15:11:13","guid":{"rendered":"https:\/\/olney-avocats.fr\/?page_id=573"},"modified":"2025-06-04T13:30:02","modified_gmt":"2025-06-04T11:30:02","slug":"procedures-collectives","status":"publish","type":"page","link":"https:\/\/olney-avocats.fr\/index.php\/procedures-collectives\/","title":{"rendered":"Proc\u00e9dures collectives"},"content":{"rendered":"\n<div class=\"wp-block-group has-global-padding is-layout-constrained wp-container-core-group-is-layout-51afdac9 wp-block-group-is-layout-constrained\" style=\"padding-top:var(--wp--preset--spacing--30);padding-right:var(--wp--preset--spacing--10);padding-bottom:var(--wp--preset--spacing--30);padding-left:var(--wp--preset--spacing--10)\">\n<div class=\"wp-block-group has-global-padding is-layout-constrained wp-container-core-group-is-layout-4df89a16 wp-block-group-is-layout-constrained\" style=\"padding-top:0;padding-bottom:0\">\n<p><strong>Vos partenaires peuvent se trouver en \u00e9tat de cessation des paiements et ne plus r\u00e9gler leurs factures et pouvant ainsi mettre en difficult\u00e9 la p\u00e9rennit\u00e9 de votre entreprise.<\/strong><\/p>\n\n\n\n<p>Notre Cabinet est \u00e0 vos c\u00f4t\u00e9s pour d\u00e9clarer votre cr\u00e9ance entre les mains du mandataire judiciaire, surveiller le d\u00e9roulement des op\u00e9rations et vous repr\u00e9senter devant le juge commissaire en cas de contestation de votre cr\u00e9ance lors de l\u2019admission au passif.<\/p>\n<\/div>\n<\/div>\n\n\n\n<div class=\"wp-block-group has-global-padding is-layout-constrained wp-container-core-group-is-layout-481cc3c9 wp-block-group-is-layout-constrained\" style=\"padding-top:var(--wp--preset--spacing--30);padding-right:var(--wp--preset--spacing--10);padding-bottom:var(--wp--preset--spacing--30);padding-left:var(--wp--preset--spacing--10)\">\n<div class=\"wp-block-group is-layout-grid wp-container-core-group-is-layout-11dcbb43 wp-block-group-is-layout-grid\" style=\"margin-top:0;margin-bottom:0;padding-top:var(--wp--preset--spacing--10);padding-right:var(--wp--preset--spacing--10);padding-bottom:var(--wp--preset--spacing--10);padding-left:var(--wp--preset--spacing--10)\">\n<div class=\"wp-block-group has-global-padding is-layout-constrained wp-block-group-is-layout-constrained\">\n<h5 class=\"wp-block-heading has-text-align-center\">Recouvrement<\/h5>\n\n\n\n<div class=\"wp-block-uagb-image aligncenter uagb-block-f59e1c49 wp-block-uagb-image--layout-default wp-block-uagb-image--effect-grayscale wp-block-uagb-image--align-center\"><figure class=\"wp-block-uagb-image__figure\"><a class=\"\" href=\"https:\/\/olney-avocats.fr\/index.php\/recouvrement\/\" target=\"\" rel=\"noopener\"><img decoding=\"async\" srcset=\"https:\/\/olney-avocats.fr\/wp-content\/uploads\/2024\/12\/picto-recouvrement-entreprise.png ,https:\/\/olney-avocats.fr\/wp-content\/uploads\/2024\/12\/picto-recouvrement-entreprise.png 780w, https:\/\/olney-avocats.fr\/wp-content\/uploads\/2024\/12\/picto-recouvrement-entreprise.png 360w\" sizes=\"auto, (max-width: 480px) 150px\" src=\"https:\/\/olney-avocats.fr\/wp-content\/uploads\/2024\/12\/picto-recouvrement-entreprise.png\" alt=\"\" class=\"uag-image-233\" width=\"168\" height=\"130\" title=\"picto-recouvrement-entreprise\" loading=\"lazy\" role=\"img\"\/><\/a><\/figure><\/div>\n<\/div>\n\n\n\n<div class=\"wp-block-group has-global-padding is-layout-constrained wp-block-group-is-layout-constrained\">\n<h5 class=\"wp-block-heading has-text-align-center\"><a href=\"https:\/\/olney-avocats.fr\/index.php\/droit-du-travail\/\" data-type=\"page\" data-id=\"182\">  Droit du travail<\/a><\/h5>\n\n\n\n<div class=\"wp-block-uagb-image aligncenter uagb-block-e9a2e1e3 wp-block-uagb-image--layout-default wp-block-uagb-image--effect-grayscale wp-block-uagb-image--align-center\"><figure class=\"wp-block-uagb-image__figure\"><a class=\"\" href=\"https:\/\/olney-avocats.fr\/index.php\/droit-du-travail\/\" target=\"\" rel=\"noopener\"><img decoding=\"async\"  sizes=\"auto, (max-width: 480px) 150px\" src=\"https:\/\/olney-avocats.fr\/wp-content\/uploads\/2024\/12\/picto-droit-travail.png\" alt=\"\" width=\"169\" height=\"130\" title=\"\" loading=\"lazy\" role=\"img\"\/><\/a><\/figure><\/div>\n<\/div>\n\n\n\n<div class=\"wp-block-group has-global-padding is-layout-constrained wp-block-group-is-layout-constrained\">\n<h5 class=\"wp-block-heading has-text-align-center\"><a href=\"https:\/\/olney-avocats.fr\/index.php\/contentieux-commercial-et-civil\/\" data-type=\"page\" data-id=\"578\">Contentieux<\/a><\/h5>\n\n\n\n<div class=\"wp-block-uagb-image aligncenter uagb-block-5e5c6f1a wp-block-uagb-image--layout-default wp-block-uagb-image--effect-grayscale wp-block-uagb-image--align-center\"><figure class=\"wp-block-uagb-image__figure\"><a class=\"\" href=\"https:\/\/olney-avocats.fr\/index.php\/contentieux-commercial-et-civil\/\" target=\"\" rel=\"noopener\"><img decoding=\"async\"  sizes=\"auto, (max-width: 480px) 150px\" src=\"https:\/\/olney-avocats.fr\/wp-content\/uploads\/2024\/12\/picto-droit-commercial.png\" alt=\"\" width=\"168\" height=\"130\" title=\"\" loading=\"lazy\" role=\"img\"\/><\/a><\/figure><\/div>\n<\/div>\n\n\n\n<div class=\"wp-block-group has-global-padding is-layout-constrained wp-block-group-is-layout-constrained\">\n<p class=\"has-text-align-center\"><\/p>\n<\/div>\n<\/div>\n<\/div>\n","protected":false},"excerpt":{"rendered":"<p>Vos partenaires peuvent se trouver en \u00e9tat de cessation des paiements et ne plus r\u00e9gler leurs factures et pouvant ainsi mettre en difficult\u00e9 la p\u00e9rennit\u00e9 de votre entreprise. Notre Cabinet est \u00e0 vos c\u00f4t\u00e9s pour d\u00e9clarer votre cr\u00e9ance entre les mains du mandataire judiciaire, surveiller le d\u00e9roulement des op\u00e9rations et vous repr\u00e9senter devant le juge [&hellip;]<\/p>\n","protected":false},"author":1,"featured_media":643,"parent":0,"menu_order":0,"comment_status":"closed","ping_status":"closed","template":"","meta":{"_uag_custom_page_level_css":"","footnotes":""},"class_list":["post-573","page","type-page","status-publish","has-post-thumbnail","hentry"],"uagb_featured_image_src":{"full":["https:\/\/olney-avocats.fr\/wp-content\/uploads\/2025\/06\/Procedures-collectives-Olney-Avocats-scaled.jpg",2560,364,false],"thumbnail":["https:\/\/olney-avocats.fr\/wp-content\/uploads\/2025\/06\/Procedures-collectives-Olney-Avocats-150x150.jpg",150,150,true],"medium":["https:\/\/olney-avocats.fr\/wp-content\/uploads\/2025\/06\/Procedures-collectives-Olney-Avocats-300x43.jpg",300,43,true],"medium_large":["https:\/\/olney-avocats.fr\/wp-content\/uploads\/2025\/06\/Procedures-collectives-Olney-Avocats-768x109.jpg",768,109,true],"large":["https:\/\/olney-avocats.fr\/wp-content\/uploads\/2025\/06\/Procedures-collectives-Olney-Avocats-1024x146.jpg",1024,146,true],"1536x1536":["https:\/\/olney-avocats.fr\/wp-content\/uploads\/2025\/06\/Procedures-collectives-Olney-Avocats-1536x219.jpg",1536,219,true],"2048x2048":["https:\/\/olney-avocats.fr\/wp-content\/uploads\/2025\/06\/Procedures-collectives-Olney-Avocats-2048x291.jpg",2048,291,true]},"uagb_author_info":{"display_name":"admin9236","author_link":"https:\/\/olney-avocats.fr\/index.php\/author\/admin9236\/"},"uagb_comment_info":0,"uagb_excerpt":"Vos partenaires peuvent se trouver en \u00e9tat de cessation des paiements et ne plus r\u00e9gler leurs factures et pouvant ainsi mettre en difficult\u00e9 la p\u00e9rennit\u00e9 de votre entreprise. Notre Cabinet est \u00e0 vos c\u00f4t\u00e9s pour d\u00e9clarer votre cr\u00e9ance entre les mains du mandataire judiciaire, surveiller le d\u00e9roulement des op\u00e9rations et vous repr\u00e9senter devant le juge\u2026","_links":{"self":[{"href":"https:\/\/olney-avocats.fr\/index.php\/wp-json\/wp\/v2\/pages\/573","targetHints":{"allow":["GET"]}}],"collection":[{"href":"https:\/\/olney-avocats.fr\/index.php\/wp-json\/wp\/v2\/pages"}],"about":[{"href":"https:\/\/olney-avocats.fr\/index.php\/wp-json\/wp\/v2\/types\/page"}],"author":[{"embeddable":true,"href":"https:\/\/olney-avocats.fr\/index.php\/wp-json\/wp\/v2\/users\/1"}],"replies":[{"embeddable":true,"href":"https:\/\/olney-avocats.fr\/index.php\/wp-json\/wp\/v2\/comments?post=573"}],"version-history":[{"count":4,"href":"https:\/\/olney-avocats.fr\/index.php\/wp-json\/wp\/v2\/pages\/573\/revisions"}],"predecessor-version":[{"id":603,"href":"https:\/\/olney-avocats.fr\/index.php\/wp-json\/wp\/v2\/pages\/573\/revisions\/603"}],"wp:featuredmedia":[{"embeddable":true,"href":"https:\/\/olney-avocats.fr\/index.php\/wp-json\/wp\/v2\/media\/643"}],"wp:attachment":[{"href":"https:\/\/olney-avocats.fr\/index.php\/wp-json\/wp\/v2\/media?parent=573"}],"curies":[{"name":"wp","href":"https:\/\/api.w.org\/{rel}","templated":true}]}}